{"id":229,"date":"2022-08-02T10:17:09","date_gmt":"2022-08-02T10:17:09","guid":{"rendered":"https:\/\/bdih.spri.eus\/pagina-ejemplo-2\/"},"modified":"2025-01-14T11:02:34","modified_gmt":"2025-01-14T11:02:34","slug":"nodos","status":"publish","type":"page","link":"https:\/\/bdih.spri.eus\/es\/nodos\/","title":{"rendered":"Nodos"},"content":{"rendered":"\n\n\t<h1>Nodos<\/h1>\n<p>\u00bfNecesitas conocer, probar o desarrollar tecnolog\u00edas digitales y sostenibles?<\/p>\n\t<p>Pasa a la acci\u00f3n: <strong>9 nodos para la transformaci\u00f3n de las pymes vascas<\/strong> a trav\u00e9s de la tecnolog\u00eda y sus capacidades.<\/p>\n    <img decoding=\"async\" src=\"\/archivos\/2024\/12\/icono_bdih_ia_negro.png\"\/>\n    <img decoding=\"async\" src=\"\/archivos\/2024\/12\/icono_bdih_ia_color.png\"\/>\n    <h2>Inteligencia Artificial<\/h2>\n    <p>Desarrollo de tecnolog\u00edas de inteligencia artificial<\/p>\n    <a href=\"\/es\/nodos\/inteligencia-artificial\/\">Ir al nodo<\/a>\n    <img decoding=\"async\" src=\"\/archivos\/2022\/08\/Grupo-795-1.png\"\/>\n    <img decoding=\"async\" src=\"\/archivos\/2022\/08\/Grupo-795.png\"\/>\n    <h2>Rob\u00f3tica flexible<\/h2>\n    <p>Experimentaci\u00f3n para resolver retos de automatizaci\u00f3n y que optimices tus procesos de producci\u00f3n<\/p>\n    <a href=\"\/es\/nodos\/robotica-flexible\/\">Ir al nodo<\/a>\n    <img decoding=\"async\" src=\"\/archivos\/2022\/08\/Grupo-797-1.png\"\/>\n    <img decoding=\"async\" src=\"\/archivos\/2022\/08\/Grupo-797.png\"\/>\n    <h2>Fabricaci\u00f3n aditiva<\/h2>\n    <p>Los principales agentes CT con capacidades en este \u00e1mbito colaboran para dar servicio a las pymes vascas<\/p>\n    <a href=\"\/es\/nodos\/fabricacion-aditiva\/\">Ir al nodo<\/a>\n    <img decoding=\"async\" src=\"\/archivos\/2022\/08\/Grupo-797-1.png\"\/>\n    <img decoding=\"async\" src=\"\/archivos\/2022\/08\/Grupo-797.png\"\/>\n    <h2>Ciberseguridad<\/h2>\n    <p>Promoci\u00f3n y desarrollo de una cultura de ciberseguridad entre la sociedad vasca<\/p>\n    <a href=\"\/es\/nodos\/ciberseguridad\/\">Ir al nodo<\/a>\n    <img decoding=\"async\" src=\"\/archivos\/2022\/08\/Grupo-793-1.png\"\/>\n    <img decoding=\"async\" src=\"\/archivos\/2022\/08\/Grupo-793.png\"\/>\n    <h2>Materiales avanzados<\/h2>\n    <p>Escalado de nuevas funcionalidades y procesos asociados<\/p>\n    <a href=\"\/es\/nodos\/materiales-avanzados\/\">Ir al nodo<\/a>\n    <img decoding=\"async\" src=\"\/archivos\/2022\/08\/Grupo-791-1.png\"\/>\n    <img decoding=\"async\" src=\"\/archivos\/2022\/08\/Grupo-791.png\"\/>\n    <h2>Maquinas inteligentes y conectadas<\/h2>\n    <p>Ensayo de soluciones avanzadas de recti\ufb01cado digital<\/p>\n    <a href=\"\/es\/nodos\/maquinas-inteligentes-y-conectadas\/\">Ir al nodo<\/a>\n    <img decoding=\"async\" src=\"\/archivos\/2022\/08\/Grupo-792-1.png\"\/>\n    <img decoding=\"async\" src=\"\/archivos\/2022\/08\/Grupo-792.png\"\/>\n    <h2>Redes el\u00e9ctricas digitales<\/h2>\n    <p>Digitalizaci\u00f3n de las redes e incorporaci\u00f3n de nuevas tecnolog\u00edas. Imprescindible en la actual transici\u00f3n energ\u00e9tica<\/p>\n    <a href=\"\/es\/nodos\/redes-electricas-digitales\/\">Ir al nodo<\/a>\n    <img decoding=\"async\" src=\"\/archivos\/2022\/08\/Grupo-798-1.png\"\/>\n    <img decoding=\"async\" src=\"\/archivos\/2022\/08\/Grupo-798.png\"\/>\n    <h2>Dispositivos m\u00e9dicos y salud digital<\/h2>\n    <p>Prevenci\u00f3n, diagn\u00f3stico, tratamiento y rehabilitaci\u00f3n de enfermedades y dolencias.<\/p>\n    <a href=\"\/es\/nodos\/dispositivos-medicos-y-salud-digital\/\">Ir al nodo<\/a>\n    <img decoding=\"async\" src=\"\/archivos\/2022\/08\/Grupo-796-1.png\"\/>\n    <img decoding=\"async\" src=\"\/archivos\/2022\/08\/Grupo-796.png\"\/>\n    <h2>Data Driven Solutions<\/h2>\n    <p>Demostraci\u00f3n de soluciones para la industria basadas en datos<\/p>\n    <a href=\"\/es\/nodos\/data-driven-solutions\/\">Ir al nodo<\/a>\n\t\/\/ Nuestra oferta\n        <h2>\n            Empresa vasca, tienes a tu disposici\u00f3n infraestructuras, equipos y conocimiento\n        <\/h2>\n             <img decoding=\"async\" alt=\"grupo asesoramiento\" src=\"\/archivos\/2022\/08\/Grupo-856.png\" \/>\n            <p>Asesoramiento tecnol\u00f3gico-econ\u00f3mico<\/p>\n            <img decoding=\"async\" alt=\"grupo dise\u00f1o\" src=\"\/archivos\/2022\/08\/Grupo-858.png\" \/>\n            <p>Dise\u00f1o, prototipado y validaci\u00f3n<\/p>\n            <img decoding=\"async\" alt=\"grupo asesoramiento\" src=\"\/archivos\/2022\/08\/Grupo-860.png\" \/>\n            <p>Formaci\u00f3n y sensibilizaci\u00f3n<\/p>\n        <a href=\"\/es\/nuestra-oferta\/#ventanilla\">Pide una propuesta<\/a>\n\n","protected":false},"excerpt":{"rendered":"<p>Nodos \u00bfNecesitas conocer, probar o desarrollar tecnolog\u00edas digitales y sostenibles? Pasa a la acci\u00f3n: 9 nodos para la transformaci\u00f3n de las pymes vascas a trav\u00e9s de la tecnolog\u00eda y sus capacidades. Inteligencia Artificial Desarrollo de tecnolog\u00edas de inteligencia artificial Ir al nodo Rob\u00f3tica flexible Experimentaci\u00f3n para resolver retos de automatizaci\u00f3n y que optimices tus procesos&hellip;<\/p>\n","protected":false},"author":1,"featured_media":0,"parent":0,"menu_order":0,"comment_status":"closed","ping_status":"closed","template":"","meta":{"_acf_changed":false,"footnotes":""},"class_list":["post-229","page","type-page","status-publish","hentry"],"acf":[],"_links":{"self":[{"href":"https:\/\/bdih.spri.eus\/es\/wp-json\/wp\/v2\/pages\/229","targetHints":{"allow":["GET"]}}],"collection":[{"href":"https:\/\/bdih.spri.eus\/es\/wp-json\/wp\/v2\/pages"}],"about":[{"href":"https:\/\/bdih.spri.eus\/es\/wp-json\/wp\/v2\/types\/page"}],"author":[{"embeddable":true,"href":"https:\/\/bdih.spri.eus\/es\/wp-json\/wp\/v2\/users\/1"}],"replies":[{"embeddable":true,"href":"https:\/\/bdih.spri.eus\/es\/wp-json\/wp\/v2\/comments?post=229"}],"version-history":[{"count":5,"href":"https:\/\/bdih.spri.eus\/es\/wp-json\/wp\/v2\/pages\/229\/revisions"}],"predecessor-version":[{"id":6323,"href":"https:\/\/bdih.spri.eus\/es\/wp-json\/wp\/v2\/pages\/229\/revisions\/6323"}],"wp:attachment":[{"href":"https:\/\/bdih.spri.eus\/es\/wp-json\/wp\/v2\/media?parent=229"}],"curies":[{"name":"wp","href":"https:\/\/api.w.org\/{rel}","templated":true}]}}