{"id":427,"date":"2022-08-02T10:17:09","date_gmt":"2022-08-02T10:17:09","guid":{"rendered":"https:\/\/bdih.spri.eus\/home\/"},"modified":"2025-01-30T11:31:54","modified_gmt":"2025-01-30T11:31:54","slug":"bdih","status":"publish","type":"page","link":"https:\/\/bdih.spri.eus\/es\/","title":{"rendered":"Inicio"},"content":{"rendered":"\n\n\t\t\t<a href=\"\/es\/nodos\/\" target=\"_self\">\n\t\t\t\t\t\t\tEntra aqu\u00ed\n\t\t\t\t\t<\/a>\n\t\/\/ Qu\u00e9 es\n<h2>Impulsamos la transformaci\u00f3n digital y sostenible de la empresas vasca a trav\u00e9s de la tecnolog\u00eda<\/h2>\n<p>Basque Digital Innovation Hub es una red conectada de activos y servicios de industria inteligente para la formaci\u00f3n, investigaci\u00f3n, testeo y validaci\u00f3n a disposici\u00f3n de la empresa vasca.<\/p>\n<a href=\"\/es\/que-es\/\">Saber m\u00e1s<\/a>\n\/\/ Socios\n<h2>Estamos<br \/>\nconectados<\/h2>\nEl gran valor de trabajo en\nred: las oportunidades para\nlas pymes.\n<a href=\"\/es\/que-es\/#socios\">Conoce a nuestros socios<\/a>\n<img decoding=\"async\" width=\"260px\" height=\"auto\" alt=\"imagen derecha\" src=\"\/archivos\/2022\/08\/Tecnalia-3.png\" \/>\n\t\/\/ Nuestra oferta\n        <h2>\n            Empresa vasca, tienes a tu disposici\u00f3n infraestructuras, equipos y conocimiento\n        <\/h2>\n             <img decoding=\"async\" alt=\"grupo asesoramiento\" src=\"\/archivos\/2022\/08\/Grupo-856.png\" \/>\n            <p>Asesoramiento tecnol\u00f3gico-econ\u00f3mico<\/p>\n            <img decoding=\"async\" alt=\"grupo dise\u00f1o\" src=\"\/archivos\/2022\/08\/Grupo-858.png\" \/>\n            <p>Dise\u00f1o, prototipado y validaci\u00f3n<\/p>\n            <img decoding=\"async\" alt=\"grupo asesoramiento\" src=\"\/archivos\/2022\/08\/Grupo-860.png\" \/>\n            <p>Formaci\u00f3n y sensibilizaci\u00f3n<\/p>\n        <a href=\"\/es\/nuestra-oferta\/#ventanilla\">Pide una propuesta<\/a>\n\/\/ Experiencias inspiradoras\nTDG crece en facturaci\u00f3n\ntras apostar por nuevas\ntecnolog\u00edas y sistemas de\nplanificaci\u00f3n y gesti\u00f3n\n<a href=\"\/es\/casos-de-uso\/\">Saber m\u00e1s<\/a>\n<img decoding=\"async\" width=\"260px\" height=\"auto\" alt=\"imagen derecha\" src=\"\/archivos\/2022\/08\/tdg-768x512-1.png\" \/>\n\t\/\/ Buscador de activos\n<h2>M\u00e1s de 270 activos<\/h2>\n<p>Busca seg\u00fan tu necesidad e incorpora tecnolog\u00edas para que tu negocio trabaje a pleno rendimiento.<\/p>\n<a href=\"\/es\/activos\/\">Buscar activo<\/a>\n\t\/\/ Nodos\n\t<h2>\u00bfNecesitas conocer, probar o desarrollar tecnolog\u00edas digitales y sostenibles?<\/h2>\n\t<p>Pasa a la acci\u00f3n: 9 nodos para la transformaci\u00f3n de las pymes vascas a trav\u00e9s de la tecnolog\u00eda y sus capacidades<\/p>\n\t\t\t\t\t\t\t\t\t\t\t\t\t\t\t<h3>Inteligencia Artificial<\/h3>\n\t\t\t\t\t\t<p>Desarrollo de tecnolog\u00edas de inteligencia artificial<\/p>\t\t\t\t\t\n\t\t\t<!-- END .front -->\n\t\t\t\t\t\t\t\t\t\t<h2>Cool!<\/h2>\n\t\t\t\t\t\t<h2><img loading=\"lazy\" decoding=\"async\" src=\"https:\/\/bdih.spri.eus\/archivos\/2024\/12\/icono_bdih_ia_color.png\" alt=\"\" width=\"50\" height=\"50\" \/><\/h2>\n\u2022 Infraestructura y computaci\u00f3n<br \/>\n\u2022 Desarrollos<br \/>\n\u2022 Despliegue y aplicaci\u00f3n<br \/>\n\u2022 Dato\n<p><a href=\"https:\/\/bdih.spri.eus\/es\/nodos\/inteligencia-artificial\/\" target=\"_blank\" rel=\"noopener\">Ir al nodo<\/a><\/p>\n\t\t\t<!-- END .back -->\n\t\t <!-- ifb-flip-box -->\n\t <!-- flip-box -->\n\t\t\t\t\t\t\t\t\t\t\t\t\t\t\t<h3>Rob\u00f3tica flexible<\/h3>\n\t\t\t\t\t\t<p>Experimentaci\u00f3n para resolver retos de automatizaci\u00f3n<\/p>\t\t\t\t\t\n\t\t\t<!-- END .front -->\n\t\t\t\t\t\t\t\t\t\t<h2>Cool!<\/h2>\n\t\t\t\t\t\t<h2><img loading=\"lazy\" decoding=\"async\" src=\"\/archivos\/2022\/08\/Grupo-795.png\" alt=\"\" width=\"50\" height=\"50\" \/><\/h2>\n\u2022 Manipulaci\u00f3n avanzada con robots<br \/>\n\u2022 Log\u00edstica con robots m\u00f3viles aut\u00f3nomos<br \/>\n\u2022 Flexibilidad y Autonom\u00eda para aplicaciones robotizadas<br \/>\n\u2022 Control calidad con robots<br \/>\n\u2022 Fabricaci\u00f3n y ensamblado de componentes por robots\n<p><a href=\"\/es\/nodos\/robotica-flexible\/\">Ir al nodo<\/a><\/p>\n\t\t\t<!-- END .back -->\n\t\t <!-- ifb-flip-box -->\n\t <!-- flip-box -->\n\t\t\t\t\t\t\t\t\t\t\t\t\t\t\t<h3>Fabricaci\u00f3n aditiva<\/h3>\n\t\t\t\t\t\t<p>Validaci\u00f3n en todas las fases del proceso<\/p>\t\t\t\t\t\n\t\t\t<!-- END .front -->\n\t\t\t\t\t\t\t\t\t\t<h2>Cool!<\/h2>\n\t\t\t\t\t\t<h2><img loading=\"lazy\" decoding=\"async\" src=\"\/archivos\/2022\/08\/Grupo-797.png\" alt=\"\" width=\"50\" height=\"50\" \/><\/h2>\n\u2022 Dise\u00f1o para fabricaci\u00f3n aditiva pre-proceso digital<br \/>\n\u2022 Proceso fabricaci\u00f3n aditiva<br \/>\n\u2022 Post proceso<br \/>\n\u2022 Materiales para fabricaci\u00f3n aditiva<br \/>\n\u2022 AM Digital Chain. Cadena Digital<br \/>\n\u2022 Tecnolog\u00edas y procesos de apoyo<br \/>\n\u2022 Validaci\u00f3n de proceso fabricaci\u00f3n aditiva\n<p><a href=\"\/es\/nodos\/fabricacion-aditiva\/\">Ir al nodo<\/a><\/p>\n\t\t\t<!-- END .back -->\n\t\t <!-- ifb-flip-box -->\n\t <!-- flip-box -->\n\t\t\t\t\t\t\t\t\t\t\t\t\t\t\t<h3>Ciberseguridad<\/h3>\n\t\t\t\t\t\t<p>Entorno real para pruebas, simulaci\u00f3n de operaciones y entrenamientos de ciberseguridad<\/p>\t\t\t\t\t\n\t\t\t<!-- END .front -->\n\t\t\t\t\t\t\t\t\t\t<h2>Cool!<\/h2>\n\t\t\t\t\t\t<h2><img loading=\"lazy\" decoding=\"async\" src=\"\/archivos\/2022\/08\/Grupo-794.png\" alt=\"\" width=\"50\" height=\"50\" \/><\/h2><p>\u2022 Identificaci\u00f3n de riesgos y amenazas<br \/>\u2022 Protecci\u00f3n de activos<br \/>\u2022 Detecci\u00f3n de ataques<br \/>\u2022 Respuesta frente a ataques<br \/>\u2022 Recuperaci\u00f3n de activos<a href=\"\/es\/nodos\/ciberseguridad\/\">Ir al nodo<\/a><\/p>\t\t\t\t\t\n\t\t\t<!-- END .back -->\n\t\t <!-- ifb-flip-box -->\n\t <!-- flip-box -->\n\t\t\t\t\t\t\t\t\t\t\t\t\t\t\t<h3>Materiales avanzados<\/h3>\n\t\t\t\t\t\t<p>Escalado de nuevas funcionalidades y procesos asociados<\/p>\t\t\t\t\t\n\t\t\t<!-- END .front -->\n\t\t\t\t\t\t\t\t\t\t<h2>Cool!<\/h2>\n\t\t\t\t\t\t<h2><img loading=\"lazy\" decoding=\"async\" src=\"\/archivos\/2022\/08\/Grupo-793.png\" alt=\"\" width=\"50\" height=\"50\" \/><\/h2>\n\u2022 Dise\u00f1o y desarrollo de materiales<br \/>\n\u2022 Procesos de fabricaci\u00f3n<br \/>\n\u2022 Soluciones de recubrimientos y superficies<br \/>\n\u2022 Uniones avanzadas<br \/>\n\u2022 Materiales y procesos en la econom\u00eda circular\n<p><a href=\"\/es\/nodos\/materiales-avanzados\/\">Ir al nodo<\/a><\/p>\n\t\t\t<!-- END .back -->\n\t\t <!-- ifb-flip-box -->\n\t <!-- flip-box -->\n\t\t\t\t\t\t\t\t\t\t\t\t\t\t\t<h3>M\u00e1quinas inteligentes y conectadas<\/h3>\n\t\t\t\t\t\t<p>Ensayo de soluciones avanzadas de rectificado digital<\/p>\t\t\t\t\t\n\t\t\t<!-- END .front -->\n\t\t\t\t\t\t\t\t\t\t<h2>Cool!<\/h2>\n\t\t\t\t\t\t<h2><img loading=\"lazy\" decoding=\"async\" src=\"\/archivos\/2022\/08\/Grupo-791.png\" alt=\"\" width=\"50\" height=\"50\" \/><\/h2><p>\u2022 Conformado Avanzado<br \/>\u2022 Rectificado y Tecnolog\u00edas de Acabado<br \/>\u2022 Mecanizado y Multitasking<br \/>\u2022 Mecanizado de Precisi\u00f3n y Micromecanizado<br \/>\u2022 Digitalizaci\u00f3n y Conectividad<br \/>\u2022 Otros procesos<a href=\"\/es\/nodos\/maquinas-inteligentes-y-conectadas\/\">Ir al nodo<\/a><\/p>\t\t\t\t\t\n\t\t\t<!-- END .back -->\n\t\t <!-- ifb-flip-box -->\n\t <!-- flip-box -->\n\t\t\t\t\t\t\t\t\t\t\t\t\t\t\t<h3>Redes el\u00e9ctricas digitales<\/h3>\n\t\t\t\t\t\t<p>Digitalizaci\u00f3n de redes para la transici\u00f3n energ\u00e9tica<\/p>\t\t\t\t\t\n\t\t\t<!-- END .front -->\n\t\t\t\t\t\t\t\t\t\t<h2>Cool!<\/h2>\n\t\t\t\t\t\t<h2><img loading=\"lazy\" decoding=\"async\" src=\"\/archivos\/2022\/08\/Grupo-792.png\" alt=\"\" width=\"32\" height=\"50\" \/><\/h2>\n\u2022 Validaci\u00f3n de producto (HW\/SW) para redes el\u00e9ctricas<br \/>\n\u2022 Operaci\u00f3n \u00f3ptima de red y gesti\u00f3n de la demanda<br \/>\n\u2022 Integraci\u00f3n de generaci\u00f3n distribuida y almacenamiento. Microrredes<br \/>\n\u2022 Sistemas inmersivos y gemelo digital para infraestructuras el\u00e9ctricas<br \/>\n\u2022 Ciberseguridad en redes el\u00e9ctricas\n<p><a href=\"\/es\/nodos\/redes-electricas-digitales\/\">Ir al nodo<\/a><\/p>\n\t\t\t<!-- END .back -->\n\t\t <!-- ifb-flip-box -->\n\t <!-- flip-box -->\n\t\t\t\t\t\t\t\t\t\t\t\t\t\t\t<h3>Dispositivos m\u00e9dicos y salud digital<\/h3>\n\t\t\t\t\t\t<p>Digitalizaci\u00f3n para el diagn\u00f3stico y el desarrollo de nuevas aplicaciones y dispositivos<\/p>\t\t\t\t\t\n\t\t\t<!-- END .front -->\n\t\t\t\t\t\t\t\t\t\t<h2>Cool!<\/h2>\n\t\t\t\t\t\t<h2><img loading=\"lazy\" decoding=\"async\" src=\"\/archivos\/2022\/08\/Grupo-798.png\" alt=\"\" width=\"50\" height=\"50\" \/><\/h2>\n\u2022 Dispositivos electro m\u00e9dicos<br \/>\n\u2022 Tecnolog\u00eda ortop\u00e9dica y de rehabilitaci\u00f3n<br \/>\n\u2022 Diagn\u00f3stico in vitro<br \/>\n\u2022 Equipamiento de laboratorio<br \/>\n\u2022 Imagen m\u00e9dica<br \/>\n\u2022 Salud digital<br \/>\n\u2022 Consumibles biom\u00e9dicos<br \/>\n\u2022 Fabricaci\u00f3n aditiva\n<p><a href=\"\/es\/nodos\/dispositivos-medicos-y-salud-digital\/\">Ir al nodo<\/a><\/p>\n\t\t\t<!-- END .back -->\n\t\t <!-- ifb-flip-box -->\n\t <!-- flip-box -->\n\t\t\t\t\t\t\t\t\t\t\t\t\t\t\t<h3>Data Driven Solutions<\/h3>\n\t\t\t\t\t\t<p>Demostraci\u00f3n de soluciones para la industria basadas en datos<\/p>\t\t\t\t\t\n\t\t\t<!-- END .front -->\n\t\t\t\t\t\t\t\t\t\t<h2>Cool!<\/h2>\n\t\t\t\t\t\t<h2><img loading=\"lazy\" decoding=\"async\" src=\"\/archivos\/2022\/08\/Grupo-796.png\" alt=\"\" width=\"50\" height=\"50\" \/><\/h2>\n\u2022 Conocimiento de soluciones y resultados previamente aplicados para necesidades y contextos industriales similares<br \/>\n\u2022 Acceso a experiencias de Usuario, \u00absoluciones ya implementadas\u00bb y validadas por expertos internacionales<br \/>\n\u2022 Aceleraci\u00f3n de la adopci\u00f3n de IOT, Inteligencia Artificial, Big Data y Cloud, Simulaci\u00f3n e Interacci\u00f3n y Ciberseguridad\n<p><a href=\"\/es\/nodos\/data-driven-solutions\/\">Ir al nodo<\/a><\/p>\n\t\t\t<!-- END .back -->\n\t\t <!-- ifb-flip-box -->\n\t <!-- flip-box -->\n\t<p>JORNADAS DE INMERSI\u00d3N<\/p>\n\t<p>Deep Dives BDIH<\/p>\n\t<h3>Antes de invertir en tecnolog\u00eda,<br \/>\ncon\u00f3cela en profundidad<\/h3>\n\t<h3>\u00bfQu\u00e9 tipo de tecnolog\u00eda te interesa?<\/h3>\n\t<p><a href=\"\/es\/contacto\/\">Cont\u00e1ctanos<\/a><\/p>\n\t\t\t\t<img loading=\"lazy\" decoding=\"async\" src=\"https:\/\/bdih.spri.eus\/archivos\/2022\/08\/Grupo-940.png\" alt=\"Grupo 940\" itemprop=\"image\" height=\"61\" width=\"1285\" title=\"Grupo 940\" onerror=\"this.style.display='none'\"  \/>\n\t<h2>3 Razones para digitalizarte en Euskadi<\/h2>\n<ul>\n<li>La industrial vasca es digital y sostenible<\/li>\n<li>Es el principal vector de riqueza desde hace d\u00e9cadas y una de las m\u00e1s punteras y mejor reconocidas de Europa.<\/li>\n<li>Euskadi, un territorio conectado con oportunidades para cada tipo de idea o empresa.<\/li>\n<\/ul>\n\t\t\t\t<div class=\"noticia-destacada\" id=\"pg\">\r\n\t\t\t\t\r\n\t\t\t\t\t\t\t\t\t<div class=\"block-nn\">\r\n\t\t\t\t\t\r\n\t\t\t\t\t\t<a target=\"_blank\" class=\"blockimg\" href=\"\"><img decoding=\"async\" alt=\"SPRI  participa  en  el  evento  \u201cEl  futuro  de  los  materiales  avanzados  en  Europa\u201d\" src=\"https:\/\/www.spri.eus\/archivos\/2025\/11\/JPG\/materiales-avanzados-am.jpg\" \/><\/a>\r\n\t\t\t\t\t\t<div class=\"card-floater\">\r\n\t\t\t\t\t\t\t<h2>SPRI  participa  en  el  evento  \u201cEl  futuro  de  los  materiales  avanzados  en  Europa\u201d<\/h2>\r\n\t\t\t\t\t\t\t<a target=\"_blank\" href=\"https:\/\/www.spri.eus\/es\/innovacion-comunicacion\/bdih\/\" class=\"btn btn-circle\">M\u00e1s noticias<\/a>\r\n\t\t\t\t\t\t<\/div>\r\n\t\t\t\t\t<\/div>\r\n\t\t\t\t\t\t\t\t\r\n\t\t\t\r\n\t\t\t<\/div>\r\n\t\t\n\t\/\/ Ayudas\n<h2>Bdih Konexio, mentorizaci\u00f3n\ny acompa\u00f1amiento en tu proceso.<\/h2>\nAyudas para la experimentaci\u00f3n con tecnolog\u00edas \ndigitales en el Basque Digital Innovation Hub y en \nDigital Innovation Hubs europeos.\n<a target=\"_blank\" href=\"https:\/\/www.spri.eus\/es\/ayudas\/bdih-konexio\/\">Solicitar ayuda<\/a>\n\t<p><img loading=\"lazy\" decoding=\"async\" src=\"\/archivos\/2022\/08\/Grupo-972.png\" alt=\"\" width=\"44\" height=\"61\" \/><\/p>\n<h2>Actualidad, \u00faltimos activos, publicaciones, empresas activas con mucho que contar y una agenda dificil de ignorar<\/h2>\n<p><a href=\"https:\/\/www.spri.eus\/es\/boletines\/\" target=\"_blank\" rel=\"noopener\">Suscr\u00edbete a nuestras comunicaciones<\/a><\/p>\n\t<h2>Cont\u00e1ctanos<\/h2>\n<p>\u00bfQu\u00e9 tipo de tecnolog\u00eda te interesa?<\/p>\n<p><a href=\"\/es\/contacto\/\">Ventanilla \u00fanica<\/a><\/p>\n\n","protected":false},"excerpt":{"rendered":"<p>Entra aqu\u00ed \/\/ Qu\u00e9 es Impulsamos la transformaci\u00f3n digital y sostenible de la empresas vasca a trav\u00e9s de la tecnolog\u00eda Basque Digital Innovation Hub es una red conectada de activos y servicios de industria inteligente para la formaci\u00f3n, investigaci\u00f3n, testeo y validaci\u00f3n a disposici\u00f3n de la empresa vasca. Saber m\u00e1s \/\/ Socios Estamos conectados El&hellip;<\/p>\n","protected":false},"author":1,"featured_media":5425,"parent":0,"menu_order":0,"comment_status":"closed","ping_status":"closed","template":"","meta":{"_acf_changed":false,"footnotes":""},"class_list":["post-427","page","type-page","status-publish","has-post-thumbnail","hentry"],"acf":[],"_links":{"self":[{"href":"https:\/\/bdih.spri.eus\/es\/wp-json\/wp\/v2\/pages\/427","targetHints":{"allow":["GET"]}}],"collection":[{"href":"https:\/\/bdih.spri.eus\/es\/wp-json\/wp\/v2\/pages"}],"about":[{"href":"https:\/\/bdih.spri.eus\/es\/wp-json\/wp\/v2\/types\/page"}],"author":[{"embeddable":true,"href":"https:\/\/bdih.spri.eus\/es\/wp-json\/wp\/v2\/users\/1"}],"replies":[{"embeddable":true,"href":"https:\/\/bdih.spri.eus\/es\/wp-json\/wp\/v2\/comments?post=427"}],"version-history":[{"count":5,"href":"https:\/\/bdih.spri.eus\/es\/wp-json\/wp\/v2\/pages\/427\/revisions"}],"predecessor-version":[{"id":6349,"href":"https:\/\/bdih.spri.eus\/es\/wp-json\/wp\/v2\/pages\/427\/revisions\/6349"}],"wp:featuredmedia":[{"embeddable":true,"href":"https:\/\/bdih.spri.eus\/es\/wp-json\/wp\/v2\/media\/5425"}],"wp:attachment":[{"href":"https:\/\/bdih.spri.eus\/es\/wp-json\/wp\/v2\/media?parent=427"}],"curies":[{"name":"wp","href":"https:\/\/api.w.org\/{rel}","templated":true}]}}