{"id":479,"date":"2022-08-29T10:15:16","date_gmt":"2022-08-29T10:15:16","guid":{"rendered":"https:\/\/bdih.spri.eus\/?page_id=479"},"modified":"2023-05-02T08:31:18","modified_gmt":"2023-05-02T08:31:18","slug":"jornadas-de-inmersion","status":"publish","type":"page","link":"https:\/\/bdih.spri.eus\/es\/jornadas-de-inmersion\/","title":{"rendered":"Jornadas de inmersi\u00f3n"},"content":{"rendered":"\n\n\t<h1>Deep Dives<\/h1>\n<p>Antes de invertir en tecnolog\u00eda, con\u00f3cela en profundidad<\/p>\n\t<p>A veces, las empresas se enfrentan a acuerdos de compromiso de compra con proveedores de tecnolog\u00eda, sin estar suficientemente informadas sobre el nivel de utilidad que la misma aporta a su negocio, pero ahora, pueden minimizar el riesgo que esta decisi\u00f3n supone, participando en las <strong>jornadas de inmersi\u00f3n Deep Dives del Bdih.<\/strong><\/p>\n<p>Un plan personalizado: el objetivo de las jornadas tecnol\u00f3gicas DEEP DIVE, es aportar conocimiento pr\u00e1ctico sobre las tecnolog\u00edas de manera que las pymes puedan, encontrar soluciones espec\u00edficas para su problem\u00e1tica.<\/p>\n<p>Durante los Deep Dive las empresas ver\u00e1n a los expertos hacer demostraciones en tiempo real, plantear\u00e1n los retos y desaf\u00edos a los que se han enfrentado, y conocer\u00e1n casos de uso reales de otras empresas.<\/p>\n<p><strong>Ya sabes, acorta la curva de aprendizaje y alcanza el conocimiento que necesitas para incorporar tecnolog\u00eda a tus productos o procesos<\/strong><\/p>\n\t<h2>H\u00e1blanos de tu necesidad<\/h2>\n<p>Deja que te conozcamos mejor. Si buscas implementar tecnolog\u00edas digitales y sostenibles que mejoren la eficiencia del sistema productivo de tu empresa para ofrecer soluciones de m\u00e1s valor a\u00f1adido, completa este formulario.<\/p>\n\t\t\t\r\n\t\t<style>\r\n\t\t  #iframe {\r\n\t\t\twidth: 1px;\r\n\t\t\tmin-width: 100%;\r\n\t\t  }\r\n\t\t<\/style>\r\n\t\t<script src=\"https:\/\/www.spri.eus\/c\/themes\/spri2\/js\/iframe\/iframeResizer.min.js\"><\/script>\r\n\t\t\r\n\t\t<iframe loading=\"lazy\" type=\"text\/html\" width=\"100%\" height=\"100%\" id=\"iframe\" src=\"https:\/\/www.spri.eus\/es\/ejson\/formulario\/?id=40&type=contacto&style=&emailref=&pageref=\" frameborder=\"0\"><\/iframe>\r\n\t\r\n\t\t<script>\r\n\t\t  iFrameResize({ log: true }, '#iframe')\r\n\t\t<\/script>\r\n\t \t\r\n\t\n<p>&nbsp;<\/p>\n\n","protected":false},"excerpt":{"rendered":"<p>Deep Dives Antes de invertir en tecnolog\u00eda, con\u00f3cela en profundidad A veces, las empresas se enfrentan a acuerdos de compromiso de compra con proveedores de tecnolog\u00eda, sin estar suficientemente informadas sobre el nivel de utilidad que la misma aporta a su negocio, pero ahora, pueden minimizar el riesgo que esta decisi\u00f3n supone, participando en las&hellip;<\/p>\n","protected":false},"author":1,"featured_media":0,"parent":0,"menu_order":0,"comment_status":"closed","ping_status":"closed","template":"","meta":{"_acf_changed":false,"footnotes":""},"class_list":["post-479","page","type-page","status-publish","hentry"],"acf":[],"yoast_head":"<!-- This site is optimized with the Yoast SEO plugin v27.5 - https:\/\/yoast.com\/product\/yoast-seo-wordpress\/ -->\n<title>Jornadas de inmersi\u00f3n - BDIH<\/title>\n<meta name=\"robots\" content=\"index, follow, max-snippet:-1, max-image-preview:large, max-video-preview:-1\" \/>\n<link rel=\"canonical\" href=\"https:\/\/bdih.spri.eus\/es\/jornadas-de-inmersion\/\" \/>\n<meta property=\"og:locale\" content=\"es_ES\" \/>\n<meta property=\"og:type\" content=\"article\" \/>\n<meta property=\"og:title\" content=\"Jornadas de inmersi\u00f3n - BDIH\" \/>\n<meta property=\"og:description\" content=\"Deep Dives Antes de invertir en tecnolog\u00eda, con\u00f3cela en profundidad A veces, las empresas se enfrentan a acuerdos de compromiso de compra con proveedores de tecnolog\u00eda, sin estar suficientemente informadas sobre el nivel de utilidad que la misma aporta a su negocio, pero ahora, pueden minimizar el riesgo que esta decisi\u00f3n supone, participando en las&hellip;\" \/>\n<meta property=\"og:url\" content=\"https:\/\/bdih.spri.eus\/es\/jornadas-de-inmersion\/\" \/>\n<meta property=\"og:site_name\" content=\"BDIH\" \/>\n<meta property=\"article:modified_time\" content=\"2023-05-02T08:31:18+00:00\" \/>\n<meta property=\"og:image\" content=\"https:\/\/bdih.spri.eus\/archivos\/2022\/10\/cropped-logo-bdih.png\" \/>\n\t<meta property=\"og:image:width\" content=\"512\" \/>\n\t<meta property=\"og:image:height\" content=\"512\" \/>\n\t<meta property=\"og:image:type\" content=\"image\/png\" \/>\n<meta name=\"twitter:card\" content=\"summary_large_image\" \/>\n<script type=\"application\/ld+json\" class=\"yoast-schema-graph\">{\"@context\":\"https:\\\/\\\/schema.org\",\"@graph\":[{\"@type\":\"WebPage\",\"@id\":\"https:\\\/\\\/bdih.spri.eus\\\/es\\\/jornadas-de-inmersion\\\/\",\"url\":\"https:\\\/\\\/bdih.spri.eus\\\/es\\\/jornadas-de-inmersion\\\/\",\"name\":\"Jornadas de inmersi\u00f3n - BDIH\",\"isPartOf\":{\"@id\":\"https:\\\/\\\/bdih.spri.eus\\\/#website\"},\"datePublished\":\"2022-08-29T10:15:16+00:00\",\"dateModified\":\"2023-05-02T08:31:18+00:00\",\"breadcrumb\":{\"@id\":\"https:\\\/\\\/bdih.spri.eus\\\/es\\\/jornadas-de-inmersion\\\/#breadcrumb\"},\"inLanguage\":\"es\",\"potentialAction\":[{\"@type\":\"ReadAction\",\"target\":[\"https:\\\/\\\/bdih.spri.eus\\\/es\\\/jornadas-de-inmersion\\\/\"]}]},{\"@type\":\"BreadcrumbList\",\"@id\":\"https:\\\/\\\/bdih.spri.eus\\\/es\\\/jornadas-de-inmersion\\\/#breadcrumb\",\"itemListElement\":[{\"@type\":\"ListItem\",\"position\":1,\"name\":\"Portada\",\"item\":\"https:\\\/\\\/bdih.spri.eus\\\/es\\\/\"},{\"@type\":\"ListItem\",\"position\":2,\"name\":\"Jornadas de inmersi\u00f3n\"}]},{\"@type\":\"WebSite\",\"@id\":\"https:\\\/\\\/bdih.spri.eus\\\/#website\",\"url\":\"https:\\\/\\\/bdih.spri.eus\\\/\",\"name\":\"BDIH\",\"description\":\"BASQUE DIGITAL INNOVATION HUB\",\"publisher\":{\"@id\":\"https:\\\/\\\/bdih.spri.eus\\\/#organization\"},\"alternateName\":\"Basque Digital Innovation HUB\",\"potentialAction\":[{\"@type\":\"SearchAction\",\"target\":{\"@type\":\"EntryPoint\",\"urlTemplate\":\"https:\\\/\\\/bdih.spri.eus\\\/?s={search_term_string}\"},\"query-input\":{\"@type\":\"PropertyValueSpecification\",\"valueRequired\":true,\"valueName\":\"search_term_string\"}}],\"inLanguage\":\"es\"},{\"@type\":\"Organization\",\"@id\":\"https:\\\/\\\/bdih.spri.eus\\\/#organization\",\"name\":\"BDIH\",\"url\":\"https:\\\/\\\/bdih.spri.eus\\\/\",\"logo\":{\"@type\":\"ImageObject\",\"inLanguage\":\"es\",\"@id\":\"https:\\\/\\\/bdih.spri.eus\\\/#\\\/schema\\\/logo\\\/image\\\/\",\"url\":\"https:\\\/\\\/bdih.spri.eus\\\/archivos\\\/2022\\\/08\\\/Grupo-993.png\",\"contentUrl\":\"https:\\\/\\\/bdih.spri.eus\\\/archivos\\\/2022\\\/08\\\/Grupo-993.png\",\"width\":244,\"height\":143,\"caption\":\"BDIH\"},\"image\":{\"@id\":\"https:\\\/\\\/bdih.spri.eus\\\/#\\\/schema\\\/logo\\\/image\\\/\"}}]}<\/script>\n<!-- \/ Yoast SEO plugin. -->","yoast_head_json":{"title":"Jornadas de inmersi\u00f3n - BDIH","robots":{"index":"index","follow":"follow","max-snippet":"max-snippet:-1","max-image-preview":"max-image-preview:large","max-video-preview":"max-video-preview:-1"},"canonical":"https:\/\/bdih.spri.eus\/es\/jornadas-de-inmersion\/","og_locale":"es_ES","og_type":"article","og_title":"Jornadas de inmersi\u00f3n - BDIH","og_description":"Deep Dives Antes de invertir en tecnolog\u00eda, con\u00f3cela en profundidad A veces, las empresas se enfrentan a acuerdos de compromiso de compra con proveedores de tecnolog\u00eda, sin estar suficientemente informadas sobre el nivel de utilidad que la misma aporta a su negocio, pero ahora, pueden minimizar el riesgo que esta decisi\u00f3n supone, participando en las&hellip;","og_url":"https:\/\/bdih.spri.eus\/es\/jornadas-de-inmersion\/","og_site_name":"BDIH","article_modified_time":"2023-05-02T08:31:18+00:00","og_image":[{"width":512,"height":512,"url":"https:\/\/bdih.spri.eus\/archivos\/2022\/10\/cropped-logo-bdih.png","type":"image\/png"}],"twitter_card":"summary_large_image","schema":{"@context":"https:\/\/schema.org","@graph":[{"@type":"WebPage","@id":"https:\/\/bdih.spri.eus\/es\/jornadas-de-inmersion\/","url":"https:\/\/bdih.spri.eus\/es\/jornadas-de-inmersion\/","name":"Jornadas de inmersi\u00f3n - BDIH","isPartOf":{"@id":"https:\/\/bdih.spri.eus\/#website"},"datePublished":"2022-08-29T10:15:16+00:00","dateModified":"2023-05-02T08:31:18+00:00","breadcrumb":{"@id":"https:\/\/bdih.spri.eus\/es\/jornadas-de-inmersion\/#breadcrumb"},"inLanguage":"es","potentialAction":[{"@type":"ReadAction","target":["https:\/\/bdih.spri.eus\/es\/jornadas-de-inmersion\/"]}]},{"@type":"BreadcrumbList","@id":"https:\/\/bdih.spri.eus\/es\/jornadas-de-inmersion\/#breadcrumb","itemListElement":[{"@type":"ListItem","position":1,"name":"Portada","item":"https:\/\/bdih.spri.eus\/es\/"},{"@type":"ListItem","position":2,"name":"Jornadas de inmersi\u00f3n"}]},{"@type":"WebSite","@id":"https:\/\/bdih.spri.eus\/#website","url":"https:\/\/bdih.spri.eus\/","name":"BDIH","description":"BASQUE DIGITAL INNOVATION HUB","publisher":{"@id":"https:\/\/bdih.spri.eus\/#organization"},"alternateName":"Basque Digital Innovation HUB","potentialAction":[{"@type":"SearchAction","target":{"@type":"EntryPoint","urlTemplate":"https:\/\/bdih.spri.eus\/?s={search_term_string}"},"query-input":{"@type":"PropertyValueSpecification","valueRequired":true,"valueName":"search_term_string"}}],"inLanguage":"es"},{"@type":"Organization","@id":"https:\/\/bdih.spri.eus\/#organization","name":"BDIH","url":"https:\/\/bdih.spri.eus\/","logo":{"@type":"ImageObject","inLanguage":"es","@id":"https:\/\/bdih.spri.eus\/#\/schema\/logo\/image\/","url":"https:\/\/bdih.spri.eus\/archivos\/2022\/08\/Grupo-993.png","contentUrl":"https:\/\/bdih.spri.eus\/archivos\/2022\/08\/Grupo-993.png","width":244,"height":143,"caption":"BDIH"},"image":{"@id":"https:\/\/bdih.spri.eus\/#\/schema\/logo\/image\/"}}]}},"_links":{"self":[{"href":"https:\/\/bdih.spri.eus\/es\/wp-json\/wp\/v2\/pages\/479","targetHints":{"allow":["GET"]}}],"collection":[{"href":"https:\/\/bdih.spri.eus\/es\/wp-json\/wp\/v2\/pages"}],"about":[{"href":"https:\/\/bdih.spri.eus\/es\/wp-json\/wp\/v2\/types\/page"}],"author":[{"embeddable":true,"href":"https:\/\/bdih.spri.eus\/es\/wp-json\/wp\/v2\/users\/1"}],"replies":[{"embeddable":true,"href":"https:\/\/bdih.spri.eus\/es\/wp-json\/wp\/v2\/comments?post=479"}],"version-history":[{"count":12,"href":"https:\/\/bdih.spri.eus\/es\/wp-json\/wp\/v2\/pages\/479\/revisions"}],"predecessor-version":[{"id":5830,"href":"https:\/\/bdih.spri.eus\/es\/wp-json\/wp\/v2\/pages\/479\/revisions\/5830"}],"wp:attachment":[{"href":"https:\/\/bdih.spri.eus\/es\/wp-json\/wp\/v2\/media?parent=479"}],"curies":[{"name":"wp","href":"https:\/\/api.w.org\/{rel}","templated":true}]}}