{"id":521,"date":"2022-08-29T19:21:06","date_gmt":"2022-08-29T19:21:06","guid":{"rendered":"https:\/\/bdih.spri.eus\/?page_id=521"},"modified":"2025-08-18T17:20:04","modified_gmt":"2025-08-18T17:20:04","slug":"contacto","status":"publish","type":"page","link":"https:\/\/bdih.spri.eus\/es\/contacto\/","title":{"rendered":"Cont\u00e1ctanos"},"content":{"rendered":"\r\n<h1>Cont\u00e1ctanos<\/h1>\r\n<h2>H\u00e1blanos de tu necesidad<\/h2>\r\n<p>Deja que te conozcamos mejor. Si buscas\u00a0 implementar tecnolog\u00edas digitales y sostenibles que mejoren la eficiencia del sistema productivo de tu empresa para ofrecer soluciones de m\u00e1s valor a\u00f1adido, completa este formulario.<\/p>\r\n\t\t\r\n\t\t<style>\r\n\t\t  #iframe {\r\n\t\t\twidth: 1px;\r\n\t\t\tmin-width: 100%;\r\n\t\t  }\r\n\t\t<\/style>\r\n\t\t<script src=\"https:\/\/www.spri.eus\/c\/themes\/spri2\/js\/iframe\/iframeResizer.min.js\"><\/script>\r\n\t\t\r\n\t\t<iframe loading=\"lazy\" type=\"text\/html\" width=\"100%\" height=\"100%\" id=\"iframe\" src=\"https:\/\/www.spri.eus\/es\/ejson\/formulario\/?id=40&type=contacto&style=&emailref=&pageref=\" frameborder=\"0\"><\/iframe>\r\n\t\r\n\t\t<script>\r\n\t\t  iFrameResize({ log: true }, '#iframe')\r\n\t\t<\/script>\r\n\t \t\r\n\t\r\n<p>&nbsp;<\/p>\r\n<p><img loading=\"lazy\" decoding=\"async\" title=\"Grupo 972\" src=\"https:\/\/bdih.spri.eus\/archivos\/2022\/08\/Grupo-972-1.png\" alt=\"Grupo 972\" width=\"44\" height=\"61\" \/><\/p>\r\n<p>Actualidad, \u00faltimos activos, publicaciones, empresas activas con mucho que contar y una agenda dif\u00edcil de ignorar<\/p>\r\n","protected":false},"excerpt":{"rendered":"<p>Cont\u00e1ctanos H\u00e1blanos de tu necesidad Deja que te conozcamos mejor. Si buscas\u00a0 implementar tecnolog\u00edas digitales y sostenibles que mejoren la eficiencia del sistema productivo de tu empresa para ofrecer soluciones de m\u00e1s valor a\u00f1adido, completa este formulario. &nbsp; Actualidad, \u00faltimos activos, publicaciones, empresas activas con mucho que contar y una agenda dif\u00edcil de ignorar<\/p>\n","protected":false},"author":1,"featured_media":0,"parent":0,"menu_order":0,"comment_status":"closed","ping_status":"closed","template":"","meta":{"_acf_changed":false,"footnotes":""},"class_list":["post-521","page","type-page","status-publish","hentry"],"acf":[],"yoast_head":"<!-- This site is optimized with the Yoast SEO plugin v27.5 - https:\/\/yoast.com\/product\/yoast-seo-wordpress\/ -->\n<title>Cont\u00e1ctanos - BDIH<\/title>\n<meta name=\"robots\" content=\"index, follow, max-snippet:-1, max-image-preview:large, max-video-preview:-1\" \/>\n<link rel=\"canonical\" href=\"https:\/\/bdih.spri.eus\/es\/contacto\/\" \/>\n<meta property=\"og:locale\" content=\"es_ES\" \/>\n<meta property=\"og:type\" content=\"article\" \/>\n<meta property=\"og:title\" content=\"Cont\u00e1ctanos - BDIH\" \/>\n<meta property=\"og:description\" content=\"Cont\u00e1ctanos H\u00e1blanos de tu necesidad Deja que te conozcamos mejor. Si buscas\u00a0 implementar tecnolog\u00edas digitales y sostenibles que mejoren la eficiencia del sistema productivo de tu empresa para ofrecer soluciones de m\u00e1s valor a\u00f1adido, completa este formulario. &nbsp; Actualidad, \u00faltimos activos, publicaciones, empresas activas con mucho que contar y una agenda dif\u00edcil de ignorar\" \/>\n<meta property=\"og:url\" content=\"https:\/\/bdih.spri.eus\/es\/contacto\/\" \/>\n<meta property=\"og:site_name\" content=\"BDIH\" \/>\n<meta property=\"article:modified_time\" content=\"2025-08-18T17:20:04+00:00\" \/>\n<meta property=\"og:image\" content=\"https:\/\/bdih.spri.eus\/archivos\/2022\/08\/Grupo-972-1.png\" \/>\n<meta name=\"twitter:card\" content=\"summary_large_image\" \/>\n<script type=\"application\/ld+json\" class=\"yoast-schema-graph\">{\"@context\":\"https:\\\/\\\/schema.org\",\"@graph\":[{\"@type\":\"WebPage\",\"@id\":\"https:\\\/\\\/bdih.spri.eus\\\/es\\\/contacto\\\/\",\"url\":\"https:\\\/\\\/bdih.spri.eus\\\/es\\\/contacto\\\/\",\"name\":\"Cont\u00e1ctanos - BDIH\",\"isPartOf\":{\"@id\":\"https:\\\/\\\/bdih.spri.eus\\\/#website\"},\"primaryImageOfPage\":{\"@id\":\"https:\\\/\\\/bdih.spri.eus\\\/es\\\/contacto\\\/#primaryimage\"},\"image\":{\"@id\":\"https:\\\/\\\/bdih.spri.eus\\\/es\\\/contacto\\\/#primaryimage\"},\"thumbnailUrl\":\"https:\\\/\\\/bdih.spri.eus\\\/archivos\\\/2022\\\/08\\\/Grupo-972-1.png\",\"datePublished\":\"2022-08-29T19:21:06+00:00\",\"dateModified\":\"2025-08-18T17:20:04+00:00\",\"breadcrumb\":{\"@id\":\"https:\\\/\\\/bdih.spri.eus\\\/es\\\/contacto\\\/#breadcrumb\"},\"inLanguage\":\"es\",\"potentialAction\":[{\"@type\":\"ReadAction\",\"target\":[\"https:\\\/\\\/bdih.spri.eus\\\/es\\\/contacto\\\/\"]}]},{\"@type\":\"ImageObject\",\"inLanguage\":\"es\",\"@id\":\"https:\\\/\\\/bdih.spri.eus\\\/es\\\/contacto\\\/#primaryimage\",\"url\":\"https:\\\/\\\/bdih.spri.eus\\\/archivos\\\/2022\\\/08\\\/Grupo-972-1.png\",\"contentUrl\":\"https:\\\/\\\/bdih.spri.eus\\\/archivos\\\/2022\\\/08\\\/Grupo-972-1.png\"},{\"@type\":\"BreadcrumbList\",\"@id\":\"https:\\\/\\\/bdih.spri.eus\\\/es\\\/contacto\\\/#breadcrumb\",\"itemListElement\":[{\"@type\":\"ListItem\",\"position\":1,\"name\":\"Portada\",\"item\":\"https:\\\/\\\/bdih.spri.eus\\\/es\\\/\"},{\"@type\":\"ListItem\",\"position\":2,\"name\":\"Cont\u00e1ctanos\"}]},{\"@type\":\"WebSite\",\"@id\":\"https:\\\/\\\/bdih.spri.eus\\\/#website\",\"url\":\"https:\\\/\\\/bdih.spri.eus\\\/\",\"name\":\"BDIH\",\"description\":\"BASQUE DIGITAL INNOVATION HUB\",\"publisher\":{\"@id\":\"https:\\\/\\\/bdih.spri.eus\\\/#organization\"},\"alternateName\":\"Basque Digital Innovation HUB\",\"potentialAction\":[{\"@type\":\"SearchAction\",\"target\":{\"@type\":\"EntryPoint\",\"urlTemplate\":\"https:\\\/\\\/bdih.spri.eus\\\/?s={search_term_string}\"},\"query-input\":{\"@type\":\"PropertyValueSpecification\",\"valueRequired\":true,\"valueName\":\"search_term_string\"}}],\"inLanguage\":\"es\"},{\"@type\":\"Organization\",\"@id\":\"https:\\\/\\\/bdih.spri.eus\\\/#organization\",\"name\":\"BDIH\",\"url\":\"https:\\\/\\\/bdih.spri.eus\\\/\",\"logo\":{\"@type\":\"ImageObject\",\"inLanguage\":\"es\",\"@id\":\"https:\\\/\\\/bdih.spri.eus\\\/#\\\/schema\\\/logo\\\/image\\\/\",\"url\":\"https:\\\/\\\/bdih.spri.eus\\\/archivos\\\/2022\\\/08\\\/Grupo-993.png\",\"contentUrl\":\"https:\\\/\\\/bdih.spri.eus\\\/archivos\\\/2022\\\/08\\\/Grupo-993.png\",\"width\":244,\"height\":143,\"caption\":\"BDIH\"},\"image\":{\"@id\":\"https:\\\/\\\/bdih.spri.eus\\\/#\\\/schema\\\/logo\\\/image\\\/\"}}]}<\/script>\n<!-- \/ Yoast SEO plugin. -->","yoast_head_json":{"title":"Cont\u00e1ctanos - BDIH","robots":{"index":"index","follow":"follow","max-snippet":"max-snippet:-1","max-image-preview":"max-image-preview:large","max-video-preview":"max-video-preview:-1"},"canonical":"https:\/\/bdih.spri.eus\/es\/contacto\/","og_locale":"es_ES","og_type":"article","og_title":"Cont\u00e1ctanos - BDIH","og_description":"Cont\u00e1ctanos H\u00e1blanos de tu necesidad Deja que te conozcamos mejor. Si buscas\u00a0 implementar tecnolog\u00edas digitales y sostenibles que mejoren la eficiencia del sistema productivo de tu empresa para ofrecer soluciones de m\u00e1s valor a\u00f1adido, completa este formulario. &nbsp; Actualidad, \u00faltimos activos, publicaciones, empresas activas con mucho que contar y una agenda dif\u00edcil de ignorar","og_url":"https:\/\/bdih.spri.eus\/es\/contacto\/","og_site_name":"BDIH","article_modified_time":"2025-08-18T17:20:04+00:00","og_image":[{"url":"https:\/\/bdih.spri.eus\/archivos\/2022\/08\/Grupo-972-1.png","type":"","width":"","height":""}],"twitter_card":"summary_large_image","schema":{"@context":"https:\/\/schema.org","@graph":[{"@type":"WebPage","@id":"https:\/\/bdih.spri.eus\/es\/contacto\/","url":"https:\/\/bdih.spri.eus\/es\/contacto\/","name":"Cont\u00e1ctanos - BDIH","isPartOf":{"@id":"https:\/\/bdih.spri.eus\/#website"},"primaryImageOfPage":{"@id":"https:\/\/bdih.spri.eus\/es\/contacto\/#primaryimage"},"image":{"@id":"https:\/\/bdih.spri.eus\/es\/contacto\/#primaryimage"},"thumbnailUrl":"https:\/\/bdih.spri.eus\/archivos\/2022\/08\/Grupo-972-1.png","datePublished":"2022-08-29T19:21:06+00:00","dateModified":"2025-08-18T17:20:04+00:00","breadcrumb":{"@id":"https:\/\/bdih.spri.eus\/es\/contacto\/#breadcrumb"},"inLanguage":"es","potentialAction":[{"@type":"ReadAction","target":["https:\/\/bdih.spri.eus\/es\/contacto\/"]}]},{"@type":"ImageObject","inLanguage":"es","@id":"https:\/\/bdih.spri.eus\/es\/contacto\/#primaryimage","url":"https:\/\/bdih.spri.eus\/archivos\/2022\/08\/Grupo-972-1.png","contentUrl":"https:\/\/bdih.spri.eus\/archivos\/2022\/08\/Grupo-972-1.png"},{"@type":"BreadcrumbList","@id":"https:\/\/bdih.spri.eus\/es\/contacto\/#breadcrumb","itemListElement":[{"@type":"ListItem","position":1,"name":"Portada","item":"https:\/\/bdih.spri.eus\/es\/"},{"@type":"ListItem","position":2,"name":"Cont\u00e1ctanos"}]},{"@type":"WebSite","@id":"https:\/\/bdih.spri.eus\/#website","url":"https:\/\/bdih.spri.eus\/","name":"BDIH","description":"BASQUE DIGITAL INNOVATION HUB","publisher":{"@id":"https:\/\/bdih.spri.eus\/#organization"},"alternateName":"Basque Digital Innovation HUB","potentialAction":[{"@type":"SearchAction","target":{"@type":"EntryPoint","urlTemplate":"https:\/\/bdih.spri.eus\/?s={search_term_string}"},"query-input":{"@type":"PropertyValueSpecification","valueRequired":true,"valueName":"search_term_string"}}],"inLanguage":"es"},{"@type":"Organization","@id":"https:\/\/bdih.spri.eus\/#organization","name":"BDIH","url":"https:\/\/bdih.spri.eus\/","logo":{"@type":"ImageObject","inLanguage":"es","@id":"https:\/\/bdih.spri.eus\/#\/schema\/logo\/image\/","url":"https:\/\/bdih.spri.eus\/archivos\/2022\/08\/Grupo-993.png","contentUrl":"https:\/\/bdih.spri.eus\/archivos\/2022\/08\/Grupo-993.png","width":244,"height":143,"caption":"BDIH"},"image":{"@id":"https:\/\/bdih.spri.eus\/#\/schema\/logo\/image\/"}}]}},"_links":{"self":[{"href":"https:\/\/bdih.spri.eus\/es\/wp-json\/wp\/v2\/pages\/521","targetHints":{"allow":["GET"]}}],"collection":[{"href":"https:\/\/bdih.spri.eus\/es\/wp-json\/wp\/v2\/pages"}],"about":[{"href":"https:\/\/bdih.spri.eus\/es\/wp-json\/wp\/v2\/types\/page"}],"author":[{"embeddable":true,"href":"https:\/\/bdih.spri.eus\/es\/wp-json\/wp\/v2\/users\/1"}],"replies":[{"embeddable":true,"href":"https:\/\/bdih.spri.eus\/es\/wp-json\/wp\/v2\/comments?post=521"}],"version-history":[{"count":5,"href":"https:\/\/bdih.spri.eus\/es\/wp-json\/wp\/v2\/pages\/521\/revisions"}],"predecessor-version":[{"id":9122,"href":"https:\/\/bdih.spri.eus\/es\/wp-json\/wp\/v2\/pages\/521\/revisions\/9122"}],"wp:attachment":[{"href":"https:\/\/bdih.spri.eus\/es\/wp-json\/wp\/v2\/media?parent=521"}],"curies":[{"name":"wp","href":"https:\/\/api.w.org\/{rel}","templated":true}]}}