{"id":547,"date":"2022-08-30T07:54:21","date_gmt":"2022-08-30T07:54:21","guid":{"rendered":"https:\/\/bdih.spri.eus\/?page_id=547"},"modified":"2023-10-30T22:10:47","modified_gmt":"2023-10-30T22:10:47","slug":"fabricacion-aditiva","status":"publish","type":"page","link":"https:\/\/bdih.spri.eus\/es\/nodos\/fabricacion-aditiva\/","title":{"rendered":"Fabricaci\u00f3n Aditiva"},"content":{"rendered":"\n\n\tNodos &gt; <strong>Fabricaci\u00f3n aditiva<\/strong>\n<p>Experimentaci\u00f3n para resolver retos de automatizaci\u00f3n<\/p>\n<img decoding=\"async\" src=\"\/archivos\/2022\/08\/Grupo-797.png\" alt=\"icon\" \/>\n\t<p><strong>El nodo de Fabricaci\u00f3n Aditiva del BDIH nace en el contexto de la transformaci\u00f3n digital de la industria con el objetivo de ayudar a las empresas vascas a incorporar estas tecnolog\u00edas en sus procesos industriales<\/strong> con los que dar respuesta a los retos de la industria inteligente de forma eficiente y sostenible a trav\u00e9s de la digitalizaci\u00f3n de sus flujos de trabajo.<\/p>\n<p>En Euskadi existen grandes capacidades de Fabricaci\u00f3n Aditiva o Additive Manufacturing (AM), como se conoce internacionalmente, y por ello se ha creado el nodo de Fabricaci\u00f3n Aditiva en el marco del Basque Digital Innovation Hub. Esta tecnolog\u00eda capacitar\u00e1 a la industria para poder ofrecer productos con prestaciones mejoradas mediante un uso m\u00e1s eficiente de los recursos y materias primas.<\/p>\n<p>El nodo consiste en una agrupaci\u00f3n de 14 agentes de la Red Vasca de Ciencia y Tecnolog\u00eda que colaboran en este \u00e1mbito en cuestiones relacionados con el diagn\u00f3stico y experimentaci\u00f3n para ofrecer conjuntamente el mejor servicio adaptado a las necesidades de las PYMES.<\/p>\n\t<h2>El Nodo en detalle<\/h2>\n\t<iframe loading=\"lazy\" title=\"BDIH Nodos - Fabricaci\u00f3n Aditiva\" width=\"500\" height=\"281\" src=\"https:\/\/www.youtube.com\/embed\/9ek7tX5mUJM?start=2&#038;feature=oembed\" frameborder=\"0\" allow=\"accelerometer; autoplay; clipboard-write; encrypted-media; gyroscope; picture-in-picture\" allowfullscreen><\/iframe>\n\tConoce, de la mano de nuestro experto,<br \/>\ntoda la informaci\u00f3n del Nodo en profundidad.\n\t<p>Campos de aplicaci\u00f3n<\/p>\n\t<p>14 organizaciones y m\u00e1s de 38 activos para ayudar en:<\/p>\n\t\t\t\t\t\t\t\t<a href=\"#\" id=\"fl-tabs--label-0\" data-index=\"0\" aria-selected=\"true\" aria-controls=\"fl-tabs--panel-0\" aria-expanded=\"true\" role=\"tab\" tabindex=\"0\">\t\t\t\tProceso AM\/3D Printing\t\t\t\t<\/a>\n\t\t\t\t\t\t\t\t<a href=\"#\" id=\"fl-tabs--label-1\" data-index=\"1\" aria-selected=\"false\" aria-controls=\"fl-tabs--panel-1\" aria-expanded=\"false\" role=\"tab\" tabindex=\"0\">\t\t\t\tDise\u00f1o para AM y pre-proceso Digital\t\t\t\t<\/a>\n\t\t\t\t\t\t\t\t<a href=\"#\" id=\"fl-tabs--label-2\" data-index=\"2\" aria-selected=\"false\" aria-controls=\"fl-tabs--panel-2\" aria-expanded=\"false\" role=\"tab\" tabindex=\"0\">\t\t\t\tPost proceso\t\t\t\t<\/a>\n\t\t\t\t\t\t\t\t<a href=\"#\" id=\"fl-tabs--label-3\" data-index=\"3\" aria-selected=\"false\" aria-controls=\"fl-tabs--panel-3\" aria-expanded=\"false\" role=\"tab\" tabindex=\"0\">\t\t\t\tMateriales para 3D\/AM\t\t\t\t<\/a>\n\t\t\t\t\t\t\t\t<a href=\"#\" id=\"fl-tabs--label-4\" data-index=\"4\" aria-selected=\"false\" aria-controls=\"fl-tabs--panel-4\" aria-expanded=\"false\" role=\"tab\" tabindex=\"0\">\t\t\t\tAM Digital Chain. Cadena Digital\t\t\t\t<\/a>\n\t\t\t\t\t\t\t\t<a href=\"#\" id=\"fl-tabs--label-5\" data-index=\"5\" aria-selected=\"false\" aria-controls=\"fl-tabs--panel-5\" aria-expanded=\"false\" role=\"tab\" tabindex=\"0\">\t\t\t\tTecnolog\u00edas y procesos de apoyo\t\t\t\t<\/a>\n\t\t\t\t\t\t\t\t<a href=\"#\" id=\"fl-tabs--label-6\" data-index=\"6\" aria-selected=\"false\" aria-controls=\"fl-tabs--panel-6\" aria-expanded=\"false\" role=\"tab\" tabindex=\"0\">\t\t\t\tValidaci\u00f3n de proceso AM\t\t\t\t<\/a>\n\t\t\t\t\t\tProceso AM\/3D Printing\n\t\t\t\t\t\t\t\t\t\t\t<h2>Proceso AM\/3D Printing<\/h2>\n<p>Servicios relacionados con el acceso a activos de Fabricaci\u00f3n Aditiva y con el conocimiento de los procesos, la tecnolog\u00eda, y su utilizaci\u00f3n, para el desarrollo de productos \/componentes conforme a requisitos espec\u00edficos. Estos servicios est\u00e1n muy relacionados con los activos f\u00edsicos del nodo y los sistemas asociados.<\/p>\n<ul>\n<li>Fabricaci\u00f3n relacionado con tecnolog\u00eda AM\/3DP metal<\/li>\n<li>Fabricaci\u00f3n relacionado con tecnolog\u00eda AM\/3DP pol\u00edmero<\/li>\n<li>Dise\u00f1o relacionado con proceso (reglas dise\u00f1o, &#8230;)<\/li>\n<li>Optimizaci\u00f3n de proceso (par\u00e1metros, interacci\u00f3n material-proceso)<\/li>\n<li>Aseguramiento Propiedades (calidad, defectos, NDT con conocimiento de proceso, robustez-viabilidad)<\/li>\n<li>Sistemas y desarrollos mecatr\u00f3nicos para proceso AM (incluida sensorizaci\u00f3n de m\u00e1quina,&#8230;)<\/li>\n<li>Desarrollo y aplicaci\u00f3n de Monitorizaci\u00f3n de proceso<\/li>\n<li>Algoritmos y estrategia de Control de proceso (software, CNC,&#8230;)<\/li>\n<\/ul>\n\t\t\t\t\t\tDise\u00f1o para AM y pre-proceso Digital\n\t\t\t\t\t\t\t\t\t\t\t<h2>Dise\u00f1o para AM y pre-proceso Digital<\/h2>\n<p>Servicios relacionados con las partes de pre-procesamiento de la geometr\u00eda 3D, su adecuaci\u00f3n y optimizaci\u00f3n, para la fabricaci\u00f3n de pieza \u00abbuena\u00bb. Incluye desarrollo y adaptaci\u00f3n de software para aplicaciones concretas, la realizaci\u00f3n del estudio de pre-procesamiento, la simulaci\u00f3n del proceso para asegurar pieza correcta a la primera, y la optimizaci\u00f3n de la planificaci\u00f3n de fabricaci\u00f3n (orientaci\u00f3n, soportes, geometr\u00eda, par\u00e1metros,&#8230;).<\/p>\n<ul>\n<li>Pre-proceso digital (powder bed). Dise\u00f1o3D para AM y lanzamiento de fabricaci\u00f3n.<\/li>\n<li>Pre-proceso digital para proceso de deposici\u00f3n directa, CAD\/CAM, incluyendo generaci\u00f3n automatizada de trayectorias 3D<\/li>\n<li>Simulaciones r\u00e1pidas a nivel de pre-proceso para evitar prueba y error (distorsiones, calidad, orientaci\u00f3n \u00f3ptima)<\/li>\n<li>Optimizaci\u00f3n topol\u00f3gica.<\/li>\n<\/ul>\n\t\t\t\t\t\tPost proceso\n\t\t\t\t\t\t\t\t\t\t\t<h2>Post proceso<\/h2>\n<p>Servicios para el desarrollo y aplicaci\u00f3n de procesos y operaciones de post proceso dentro de la secuencia de fabricaci\u00f3n de pieza, que requieran la utilizaci\u00f3n de fabricaci\u00f3n aditiva. Aplicado a: (powder bed) SLM, binder jetting, EBM; DED, (LMD, WAAM); 3D Printing de pol\u00edmeros<\/p>\n<ul>\n<li>Tratamientos t\u00e9rmicos espec\u00edficos AM (distensionado, tratamientos t\u00e9rmicos, HIP, sinterizado)<\/li>\n<li>Post proceso aplicado propiamente a 3DP\/AM<\/li>\n<li>Mecanizado espec\u00edfico AM<\/li>\n<\/ul>\n\t\t\t\t\t\tMateriales para 3D\/AM\n\t\t\t\t\t\t\t\t\t\t\t<h2>Materiales para 3D\/AM<\/h2>\n<p>Servicios de apoyo para la selecci\u00f3n, optimizaci\u00f3n y desarrollo de materiales adaptado para AM. Especificaci\u00f3n y control de material prima (polvo, hilo,..)<\/p>\n<ul>\n<li>Polvo optimizado y validado para procesos powder bed (SLM,..)<\/li>\n<li>Polvo\/hilo optimizado y validado para procesos de deposici\u00f3n directa (LMD, WAAM,..)<\/li>\n<li>Reciclado<\/li>\n<\/ul>\n\t\t\t\t\t\tAM Digital Chain. Cadena Digital\n\t\t\t\t\t\t\t\t\t\t\t<h2>AM Digital Chain. Cadena Digital<\/h2>\n<p>Servicios relacionados con el desarrollo y la aplicaci\u00f3n de sistemas y software digitales relacionados con la utilizaci\u00f3n de procesos de fabricaci\u00f3n aditiva. Incluye tanto el desarrollo y la aplicaci\u00f3n de tecnolog\u00eda a fases concretas o toda la cadena de fabricaci\u00f3n desde la materia prima (polvo, hilo,..) hasta la pieza final validada.<\/p>\n<ul>\n<li>AM market place<\/li>\n<li>AM data space (big data, blockchain, cibersecurity, 3D formats- stl, amf,&#8230;)<\/li>\n<li>Software integrado [Pre-processing + process Simulation +build + Validation ]<\/li>\n<\/ul>\n\t\t\t\t\t\tTecnolog\u00edas y procesos de apoyo\n\t\t\t\t\t\t\t\t\t\t\t<h2>Tecnolog\u00edas y procesos de apoyo<\/h2>\n<p>Servicios relacionados con el acceso a tecnolog\u00edas de apoyo o auxiliares avanzadas que permitan aplicarlas a procesos relacionados con la fabricaci\u00f3n aditiva y que sean claves para su utilizaci\u00f3n.<\/p>\n<ul>\n<li>Inspecci\u00f3n 3D (escaneado, metrolog\u00eda)<\/li>\n<li>Tomograf\u00eda computarizada<\/li>\n<li>Mecanizado<\/li>\n<li>Dise\u00f1o y c\u00e1lculo (FEM)<\/li>\n<li>Conectividad<\/li>\n<li>NDT<\/li>\n<li>Laboratorio de materiales<\/li>\n<li>Tratamientos superficiales<\/li>\n<\/ul>\n\t\t\t\t\t\tValidaci\u00f3n de proceso AM\n\t\t\t\t\t\t\t\t\t\t\t<h2>Validaci\u00f3n de proceso AM<\/h2>\n<p>Servicios relacionados con la validaci\u00f3n, testeo o certificaci\u00f3n de piezas o componentes, para una ruta de fabricaci\u00f3n que incorpore fabricaci\u00f3n aditiva.<\/p>\n<ul>\n<li>Ensayos de validaci\u00f3n de calidad para AM (con interpretaci\u00f3n AM)<\/li>\n<li>Ensayos funcionales de pieza<\/li>\n<\/ul>\n\tVer activos del nodo<br \/>\nFabricaci\u00f3n aditiva\n\t\t\t<a href=\"\/es\/activos\/\" target=\"_self\" role=\"button\" rel=\"noopener\">\n\t\t\t\t\t\t\tBuscar en el cat\u00e1logo de activos\n\t\t\t<\/a>\n\t<p>Contacta con tu enlace<\/p>\n\t<p>Es nuestra experta en Fabricaci\u00f3n aditiva y se encargar\u00e1 de conocer el detalle de tu necesidad.<\/p>\n\t<strong>Mar\u00eda San Sebasti\u00e1n Ph.D<\/strong><br \/>\nLORTEK<br \/>\n<a href=\"mailto:msansebastian@lortek.es\"><strong>msansebastian@lortek.es<\/strong><\/a><br \/>\n<strong>943 88 23 03<\/strong>\n\t\t\t<h2>Casos de uso<\/h2>\r\n\t\t\t\t\r\n\t\t<script>\r\n\t\t\tvar cases = [];\r\n\t\t\tvar carousel = '';\r\n\t\t\tvar target = '';\r\n\t\t\t$( document ).ajaxComplete(function() \r\n\t\t\t{\r\n\t\t\t\t\r\n\t\t\t\t$( '#main-toggler' ).click( function(){\r\n\t\t\t\t\t$( '#exitoCollapse' ).slideDown();\r\n\t\t\t\t\t$( '#main-toggler' ).hide();\r\n\t\t\t\t\t$( '#btn-container' ).show();\r\n\t\r\n\r\n\t\t\t\t});\r\n\t\t\t\t$( '#cierre-toggler' ).click ( function(){\r\n\t\t\t\t\t$( '#exitoCollapse' ).slideUp();\r\n\t\t\t\t\t$( '#main-toggler' ).show();\r\n\t\t\t\t\t$( '#btn-container' ).hide();\r\n\r\n\t\t\t\t});\r\n\t\t\t\t\r\n\t\t\t});\r\n\t\t\t$( document ).ready( function(){\r\n\t\t\t\t\r\n\t\t\t\t$( '#main-toggler' ).click( function(){\t\t\r\n\t\t\t\t\t$( '#exitoCollapse' ).slideDown();\t\t\t\r\n\t\t\t\t\t$( '#main-toggler' ).hide();\r\n\t\t\t\t\t$( '#btn-container' ).show();\r\n\r\n\t\t\t\t});\r\n\r\n\t\t\t\t$( '#cierre-toggler' ).click ( function(){\t\r\n\t\t\t\t\t$( '#exitoCollapse' ).slideUp();\t\t\t\t\t\r\n\t\t\t\t\t$( '#main-toggler' ).show();\r\n\t\t\t\t\t$( '#btn-container' ).hide();\r\n\t\t\r\n\t\t\t\t});\r\n\r\n\t\t\t\t\/\/ Carga por ajax de los casos de \u00e9xito del carousel\r\n\t\t\t\tvar target = '';\r\n\t\t\t\t\r\n\t\t\t\t\r\n\t\t\t\tvar carousel = '';\r\n\t\t \t\t$( '.carousel-img' ).each( function(){\r\n\t\t \t\t\tcarousel += $(this).attr('data-value') + ',';\r\n\t\t \t\t\t\r\n\t\t \t\t});\r\n\t\t \t\tcarousel += ','\r\n\t\t \t\t$('.owl-item').last().hide();\r\n\t\t \t\t$('.owl-item').last().hide();\r\n\r\n\t \t\t\t$( '.imgbtn' ).click( function(){\r\n\t \t\t\t\t\r\n\t \t\t\t\ttarget = $( this ).find( '.carousel-img' ).attr( 'data-value');\r\n\t \t\t\t\t\r\n\t \t\t\t\t$( '#container' ).load('https:\/\/bdih.spri.eus\/es\/ajax-loader\/?lang=es&case=' + target);\r\n\t \t\t\t\t$( '.active').show();\r\n\t \t\t\t\t$('.owl-item').last().show();\r\n\t \t\t\t\t$(this).parent().parent().hide();\r\n\t \t\t\t\tvar aTag = $('#startsc');\r\n    \t\t\t\t$('html,body').animate({scrollTop: aTag.offset().top},'slow');\r\n\t \t\t\t});\r\n\r\n\t \t\t\t$( '.loader-btn' ).click( function(){\r\n\t \t\t\t\r\n\t \t\t\t\ttarget = $( this ).attr( 'data-value');\r\n\t \t\t\t\t\r\n\t \t\t\t\t$( '#container' ).load('https:\/\/bdih.spri.eus\/es\/ajax-loader\/?lang=es&case=' + target);\r\n\t \t\t\t\t$( '.active').show();\r\n\t \t\t\t\t$('.owl-item').last().show();\r\n\t \t\t\t\t$(this).parent().parent().parent().parent().hide();\r\n\t \t\t\t\tvar aTag = $('#startsc');\r\n    \t\t\t\t$('html,body').animate({scrollTop: aTag.offset().top},'slow');\r\n\t \t\t\t});\r\n\r\n\t\t\t});\r\n\r\n\t\t\t\r\n\t\t\t\tjQuery('.posts-carousel').owlCarousel({\r\n\t\t\t\t\tloop:false,\r\n\t\t\t\t\tautoplay:false,\r\n\t\t\t\t\tautoplayTimeout:5000,\r\n\t\t\t\t\tautoplayHoverPause:false,\r\n\t\t\t\t\tnav: true,\r\n\t\t\t\t\t\/\/navText: [\"<\",\">\"],\r\n\t\t\t\t\tdots: false,\r\n\t\t\t\t\tmargin:0,\r\n\t\t\t\t\tresponsiveClass:true,\r\n\t\t\t\t\tnavText: ['<i class=\"fas fa-angle-left\"><\/i>','<i class=\"fas fa-angle-right\"><\/i>'],\r\n\t\t\t\t\tresponsive:{\r\n\t\t\t\t\t\t0:{\r\n\t\t\t\t\t\t\titems:1,\r\n\t\t\t\t\t\t\tnav:true,\r\n\t\t\t\t\t\t\tautoplayTimeout:7000,\r\n\t\t\t\t\t\t\tautoplay:true,\r\n\t\t\t\t\t\t\tloop: true\r\n\t\t\t\t\t\t},\r\n\t\t\t\t\t\t600:{\r\n\t\t\t\t\t\t\titems:2,\r\n\t\t\t\t\t\t\tnav:true,\r\n\t\t\t\t\t\t},\r\n\t\t\t\t\t\t832: {\r\n\t\t\t\t\t\t\titems:3,\r\n\t\t\t\t\t\t\tnav:true\r\n\t\t\t\t\t\t},\r\n\t\t\t\t\t\t1000:{\r\n\t\t\t\t\t\t\titems:4,\r\n\t\t\t\t\t\t\tnav:true\r\n\t\t\t\t\r\n\t\t\t\t\t\t}\r\n\t\t\t\t\t}\r\n\t\t\t\t})\r\n\t\t\r\n\t\t<\/script>\r\n\r\n\t\t\n\n","protected":false},"excerpt":{"rendered":"<p>Nodos &gt; Fabricaci\u00f3n aditiva Experimentaci\u00f3n para resolver retos de automatizaci\u00f3n El nodo de Fabricaci\u00f3n Aditiva del BDIH nace en el contexto de la transformaci\u00f3n digital de la industria con el objetivo de ayudar a las empresas vascas a incorporar estas tecnolog\u00edas en sus procesos industriales con los que dar respuesta a los retos de la&hellip;<\/p>\n","protected":false},"author":1,"featured_media":0,"parent":229,"menu_order":0,"comment_status":"closed","ping_status":"closed","template":"","meta":{"_acf_changed":false,"footnotes":""},"class_list":["post-547","page","type-page","status-publish","hentry"],"acf":[],"_links":{"self":[{"href":"https:\/\/bdih.spri.eus\/es\/wp-json\/wp\/v2\/pages\/547","targetHints":{"allow":["GET"]}}],"collection":[{"href":"https:\/\/bdih.spri.eus\/es\/wp-json\/wp\/v2\/pages"}],"about":[{"href":"https:\/\/bdih.spri.eus\/es\/wp-json\/wp\/v2\/types\/page"}],"author":[{"embeddable":true,"href":"https:\/\/bdih.spri.eus\/es\/wp-json\/wp\/v2\/users\/1"}],"replies":[{"embeddable":true,"href":"https:\/\/bdih.spri.eus\/es\/wp-json\/wp\/v2\/comments?post=547"}],"version-history":[{"count":5,"href":"https:\/\/bdih.spri.eus\/es\/wp-json\/wp\/v2\/pages\/547\/revisions"}],"predecessor-version":[{"id":5866,"href":"https:\/\/bdih.spri.eus\/es\/wp-json\/wp\/v2\/pages\/547\/revisions\/5866"}],"up":[{"embeddable":true,"href":"https:\/\/bdih.spri.eus\/es\/wp-json\/wp\/v2\/pages\/229"}],"wp:attachment":[{"href":"https:\/\/bdih.spri.eus\/es\/wp-json\/wp\/v2\/media?parent=547"}],"curies":[{"name":"wp","href":"https:\/\/api.w.org\/{rel}","templated":true}]}}