{"id":562,"date":"2022-08-30T07:59:34","date_gmt":"2022-08-30T07:59:34","guid":{"rendered":"https:\/\/bdih.spri.eus\/?page_id=562"},"modified":"2022-10-27T12:00:48","modified_gmt":"2022-10-27T12:00:48","slug":"materiales-avanzados","status":"publish","type":"page","link":"https:\/\/bdih.spri.eus\/es\/nodos\/materiales-avanzados\/","title":{"rendered":"Materiales Avanzados"},"content":{"rendered":"\n\n\tNodos &gt; <strong>Materiales Avanzados<\/strong>\n<p>Escalado de nuevas funcionalidades y procesos asociados<\/p>\n<img decoding=\"async\" src=\"\/archivos\/2022\/08\/Grupo-793.png\" alt=\"icon\" \/>\n\t<p>La innovaci\u00f3n en Materiales siempre ha tra\u00eddo grandes avances a la industria vasca en el lanzamiento de nuevos productos y en la mejora de los procesos de producci\u00f3n existentes. En la actualidad y durante los pr\u00f3ximos a\u00f1os, la innovaci\u00f3n en Materiales avanzados se posicionar\u00e1 como el eje central sobre el que pivotar\u00e1 la incorporaci\u00f3n de nuevas funcionalidades y la mejora de sus propiedades dotando de un mayor valor a\u00f1adido a los productos y procesos de las PYMEs vascas sin perder de vista el foco de la sostenibilidad.<\/p>\n<p>En el marco del PCTI 2030 se identifican las tecnolog\u00edas b\u00e1sicas vinculadas de manera transversal a las distintas \u00e1reas de especializaci\u00f3n. Entre estas tecnolog\u00edas, los Materiales y Procesos avanzados se sit\u00faan como fundamentales para todas las \u00e1reas. Esta priorizaci\u00f3n sigue la estrategia marcada en el anterior PCTI 2020, con la puesta en marcha del Grupo de Trabajo denominado \u00abMateriales y Procesos Avanzados\u00bb cuyas l\u00edneas maestras fueron la base del dise\u00f1o de este Nodo de Materiales Avanzados del Basque Digital Innovation Hub.<\/p>\n<p>Los principales agentes cient\u00edfico-tecnol\u00f3gicos de la RVCTI con capacidades en el \u00e1mbito de los Materiales Avanzados unen sus capacidades alrededor de este Nodo para ofrecer el mejor servicio a las necesidades de las PYMES<\/p>\n\t<h2>El Nodo en detalle<\/h2>\n\t<iframe loading=\"lazy\" title=\"BDIH Nodos - Materiales Avanzados\" width=\"500\" height=\"281\" src=\"https:\/\/www.youtube.com\/embed\/tMiU00dvZ5I?feature=oembed\" frameborder=\"0\" allow=\"accelerometer; autoplay; clipboard-write; encrypted-media; gyroscope; picture-in-picture\" allowfullscreen><\/iframe>\n\tConoce, de la mano de nuestro experto,<br \/>\ntoda la informaci\u00f3n del Nodo en profundidad.\n\t<p>Campos de aplicaci\u00f3n<\/p>\n\t<p>16 organizaciones y m\u00e1s de 69 activos para apoyar en:<\/p>\n\t\t\t\t\t\t\t\t<a href=\"#\" id=\"fl-tabs--label-0\" data-index=\"0\" aria-selected=\"true\" aria-controls=\"fl-tabs--panel-0\" aria-expanded=\"true\" role=\"tab\" tabindex=\"0\">\t\t\t\tDise\u00f1o y desarrollo <br \/>de materiales\t\t\t\t<\/a>\n\t\t\t\t\t\t\t\t<a href=\"#\" id=\"fl-tabs--label-1\" data-index=\"1\" aria-selected=\"false\" aria-controls=\"fl-tabs--panel-1\" aria-expanded=\"false\" role=\"tab\" tabindex=\"0\">\t\t\t\tProcesos de fabricaci\u00f3n\t\t\t\t<\/a>\n\t\t\t\t\t\t\t\t<a href=\"#\" id=\"fl-tabs--label-2\" data-index=\"2\" aria-selected=\"false\" aria-controls=\"fl-tabs--panel-2\" aria-expanded=\"false\" role=\"tab\" tabindex=\"0\">\t\t\t\tSoluciones <br \/>de recubrimientos <br \/>y superficies\t\t\t\t<\/a>\n\t\t\t\t\t\t\t\t<a href=\"#\" id=\"fl-tabs--label-3\" data-index=\"3\" aria-selected=\"false\" aria-controls=\"fl-tabs--panel-3\" aria-expanded=\"false\" role=\"tab\" tabindex=\"0\">\t\t\t\tUniones avanzadas\t\t\t\t<\/a>\n\t\t\t\t\t\t\t\t<a href=\"#\" id=\"fl-tabs--label-4\" data-index=\"4\" aria-selected=\"false\" aria-controls=\"fl-tabs--panel-4\" aria-expanded=\"false\" role=\"tab\" tabindex=\"0\">\t\t\t\tMateriales y procesos <br \/>en la econom\u00eda circular\t\t\t\t<\/a>\n\t\t\t\t\t\tDise\u00f1o y desarrollo <br \/>de materiales\n\t\t\t\t\t\t\t\t\t\t\t<h2>Dise\u00f1o y desarrollo de materiales<\/h2>\n<p>Acompa\u00f1amiento y asesor\u00eda en la selecci\u00f3n, dise\u00f1o y desarrollo de materiales para responder a los retos de la industria, tanto en t\u00e9rminos de condiciones de uso m\u00e1s exigentes como por la introducci\u00f3n de nuevos procesos de producci\u00f3n o funcionalidades.<\/p>\n<ul>\n<li>Desarrollo de aleaciones met\u00e1licas, compuestos cer\u00e1micos, y formulaciones polim\u00e9ricas<\/li>\n<li>Desarrollo de nuevos materiales compuestos (composici\u00f3n y arquitectura)<\/li>\n<li>Desarrollo de materiales optimizados para fabricaci\u00f3n aditiva<\/li>\n<li>Dise\u00f1o y desarrollo de nanomateriales<\/li>\n<li>Desarrollo de materiales para uso en condiciones extremas<\/li>\n<li>Desarrollo de materiales para aligeramiento de componentes<\/li>\n<li>Desarrollo de materiales activos y su transformaci\u00f3n en componentes inteligentes)<\/li>\n<li>Desarrollo de materiales multifuncionales<\/li>\n<li>Ecodise\u00f1o y sustituci\u00f3n de materias primas cr\u00edticas<\/li>\n<\/ul>\n\t\t\t\t\t\tProcesos de fabricaci\u00f3n\n\t\t\t\t\t\t\t\t\t\t\t<h2>Procesos de fabricaci\u00f3n<\/h2>\n<p>Servicios de consultor\u00eda y demostraci\u00f3n en y para la implantaci\u00f3n de nuevos procesos sostenibles de fabricaci\u00f3n de materiales y componentes para la obtenci\u00f3n de nuevas funcionalidades y reducci\u00f3n de costes. Acompa\u00f1amiento en la definici\u00f3n de par\u00e1metros de proceso y en la estandarizaci\u00f3n de los mismos.<\/p>\n<ul>\n<li>Definici\u00f3n de rutas de procesamiento de materiales met\u00e1licos y cer\u00e1micos (vidrios incluidos) en todas sus etapas<\/li>\n<li>Tecnolog\u00edas de curado r\u00e1pido para materiales polim\u00e9ricos y compuestos<\/li>\n<li>Post procesado de las piezas fabricadas<\/li>\n<li>Funcionalizaci\u00f3n de materiales (estrategias bulk, incluyendo embebido de sensores)<\/li>\n<li>Implicaciones de seguridad y medioambientales de los procesos de fabricaci\u00f3n.<\/li>\n<\/ul>\n\t\t\t\t\t\tSoluciones <br \/>de recubrimientos <br \/>y superficies\n\t\t\t\t\t\t\t\t\t\t\t<h2>Soluciones de recubrimientos y superficies<\/h2>\n<p>Asesor\u00eda y demostraci\u00f3n de tecnolog\u00edas de modificaci\u00f3n superficial y recubrimientos para conseguir la propiedades superficiales deseadas en los componentes (tanto funcionales como est\u00e9ticas).<\/p>\n<ul>\n<li>T\u00e9cnicas de dep\u00f3sito de recubrimientos avanzadas, incluyendo el desarrollo de los materiales para el propio recubrimiento, y el post procesado<\/li>\n<li>Funcionalizaci\u00f3n superficial y texturizaci\u00f3n<\/li>\n<li>Desarrollo de superficies con durabilidad mejorada<\/li>\n<li>Desarrollo de superabrasivos<\/li>\n<li>Desarrollo de recubrimientos \u00abinteligentes\u00bb (self-healing, con sensores embebidos, etc.)<\/li>\n<li>Desarrollo de recubrimientos funcionales en el \u00e1mbito tribol\u00f3gico, \u00f3ptico, electr\u00f3nico y energ\u00e9tico<\/li>\n<li>Desarrollo de recubrimientos biomim\u00e9ticos: anti-suciedad, anti-reflejanes, anti-vaho, anti-condensaci\u00f3n, anti-hielo, bioactivos, anti-microbiano<\/li>\n<\/ul>\n\t\t\t\t\t\tUniones avanzadas\n\t\t\t\t\t\t\t\t\t\t\t<h2>Uniones avanzadas<\/h2>\n<p>Servicios de consultor\u00eda, apoyo y demostraci\u00f3n de uniones que respondan a retos relacionados con la introducci\u00f3n de materiales avanzados, uniones disimilares, la mejora de producci\u00f3n, el aumento de calidad, y el aseguramiento de fin de vida.<\/p>\n<ul>\n<li>T\u00e9cnicas avanzadas de uni\u00f3n<\/li>\n<li>Desarrollo de t\u00e9cnicas de uni\u00f3n en materiales disimilares e h\u00edbridos. Compatibilidades, incluyendo acabados superficiales y de relajaci\u00f3n de tensiones.<\/li>\n<li>Uniones adhesivas<\/li>\n<li>Uniones mec\u00e1nicas en materiales met\u00e1licos y compuestos<\/li>\n<li>Post procesado<\/li>\n<li>Conformabilidad de uniones<\/li>\n<li>Caracterizaci\u00f3n avanzada<\/li>\n<\/ul>\n\t\t\t\t\t\tMateriales y procesos <br \/>en la econom\u00eda circular\n\t\t\t\t\t\t\t\t\t\t\t<h2>Materiales y procesos en la econom\u00eda circular<\/h2>\n<p>Apoyo al tejido industrial en tareas de ecodise\u00f1o y an\u00e1lisis de ciclo de vida de los componentes, para responder a los retos del desarrollo sostenible. Servicios que ayuden a alargar la vida \u00fatil de los materiales y a determinar su reciclabilidad.<\/p>\n<ul>\n<li>Dise\u00f1o de materiales y procesos productivos destinado a alargar la vida \u00fatil de las piezas<\/li>\n<li>An\u00e1lisis del comportamiento funcional de los materiales y las piezas durante su vida \u00fatil<\/li>\n<li>An\u00e1lisis de fen\u00f3menos de degradaci\u00f3n en ambientes extremos: desgaste, corrosi\u00f3n, fatiga termomec\u00e1nica, choque t\u00e9rmico, etc.<\/li>\n<li>Desarrollo de herramientas de mantenimiento predictivo<\/li>\n<li>Desarrollo de procesos m\u00e1s eficientes energ\u00e9ticamente y en consumo de recursos naturales<\/li>\n<li>An\u00e1lisis del ciclo de vida<\/li>\n<li>An\u00e1lisis de huella ecol\u00f3gica<\/li>\n<\/ul>\n\tVer activos del nodo<br \/>\nMateriales Avanzados\n\t\t\t<a href=\"\/es\/activos\/\" target=\"_self\" role=\"button\" rel=\"noopener\">\n\t\t\t\t\t\t\tBuscar en el cat\u00e1logo de activos\n\t\t\t<\/a>\n\t<p>Contacta con tu enlace<\/p>\n\t<p>Es nuestro experto en materiales avanzados y se encargar\u00e1 de conocer el detalle de tu necesidad.<\/p>\n\t<strong>Ib\u00f3n Oca\u00f1a<\/strong><br \/>\nCEIT<br \/>\n<a href=\"mailto:iocana@ceit.es\"><strong>iocana@ceit.es<\/strong><\/a><br \/>\n<strong>943 21 28 00<\/strong>\n\t\t\t<h2>Casos de uso<\/h2>\r\n\t\t\t\t\r\n\t\t<script>\r\n\t\t\tvar cases = [];\r\n\t\t\tvar carousel = '';\r\n\t\t\tvar target = '';\r\n\t\t\t$( document ).ajaxComplete(function() \r\n\t\t\t{\r\n\t\t\t\t\r\n\t\t\t\t$( '#main-toggler' ).click( function(){\r\n\t\t\t\t\t$( '#exitoCollapse' ).slideDown();\r\n\t\t\t\t\t$( '#main-toggler' ).hide();\r\n\t\t\t\t\t$( '#btn-container' ).show();\r\n\t\r\n\r\n\t\t\t\t});\r\n\t\t\t\t$( '#cierre-toggler' ).click ( function(){\r\n\t\t\t\t\t$( '#exitoCollapse' ).slideUp();\r\n\t\t\t\t\t$( '#main-toggler' ).show();\r\n\t\t\t\t\t$( '#btn-container' ).hide();\r\n\r\n\t\t\t\t});\r\n\t\t\t\t\r\n\t\t\t});\r\n\t\t\t$( document ).ready( function(){\r\n\t\t\t\t\r\n\t\t\t\t$( '#main-toggler' ).click( function(){\t\t\r\n\t\t\t\t\t$( '#exitoCollapse' ).slideDown();\t\t\t\r\n\t\t\t\t\t$( '#main-toggler' ).hide();\r\n\t\t\t\t\t$( '#btn-container' ).show();\r\n\r\n\t\t\t\t});\r\n\r\n\t\t\t\t$( '#cierre-toggler' ).click ( function(){\t\r\n\t\t\t\t\t$( '#exitoCollapse' ).slideUp();\t\t\t\t\t\r\n\t\t\t\t\t$( '#main-toggler' ).show();\r\n\t\t\t\t\t$( '#btn-container' ).hide();\r\n\t\t\r\n\t\t\t\t});\r\n\r\n\t\t\t\t\/\/ Carga por ajax de los casos de \u00e9xito del carousel\r\n\t\t\t\tvar target = '';\r\n\t\t\t\t\r\n\t\t\t\t\r\n\t\t\t\tvar carousel = '';\r\n\t\t \t\t$( '.carousel-img' ).each( function(){\r\n\t\t \t\t\tcarousel += $(this).attr('data-value') + ',';\r\n\t\t \t\t\t\r\n\t\t \t\t});\r\n\t\t \t\tcarousel += ','\r\n\t\t \t\t$('.owl-item').last().hide();\r\n\t\t \t\t$('.owl-item').last().hide();\r\n\r\n\t \t\t\t$( '.imgbtn' ).click( function(){\r\n\t \t\t\t\t\r\n\t \t\t\t\ttarget = $( this ).find( '.carousel-img' ).attr( 'data-value');\r\n\t \t\t\t\t\r\n\t \t\t\t\t$( '#container' ).load('https:\/\/bdih.spri.eus\/es\/ajax-loader\/?lang=es&case=' + target);\r\n\t \t\t\t\t$( '.active').show();\r\n\t \t\t\t\t$('.owl-item').last().show();\r\n\t \t\t\t\t$(this).parent().parent().hide();\r\n\t \t\t\t\tvar aTag = $('#startsc');\r\n    \t\t\t\t$('html,body').animate({scrollTop: aTag.offset().top},'slow');\r\n\t \t\t\t});\r\n\r\n\t \t\t\t$( '.loader-btn' ).click( function(){\r\n\t \t\t\t\r\n\t \t\t\t\ttarget = $( this ).attr( 'data-value');\r\n\t \t\t\t\t\r\n\t \t\t\t\t$( '#container' ).load('https:\/\/bdih.spri.eus\/es\/ajax-loader\/?lang=es&case=' + target);\r\n\t \t\t\t\t$( '.active').show();\r\n\t \t\t\t\t$('.owl-item').last().show();\r\n\t \t\t\t\t$(this).parent().parent().parent().parent().hide();\r\n\t \t\t\t\tvar aTag = $('#startsc');\r\n    \t\t\t\t$('html,body').animate({scrollTop: aTag.offset().top},'slow');\r\n\t \t\t\t});\r\n\r\n\t\t\t});\r\n\r\n\t\t\t\r\n\t\t\t\tjQuery('.posts-carousel').owlCarousel({\r\n\t\t\t\t\tloop:false,\r\n\t\t\t\t\tautoplay:false,\r\n\t\t\t\t\tautoplayTimeout:5000,\r\n\t\t\t\t\tautoplayHoverPause:false,\r\n\t\t\t\t\tnav: true,\r\n\t\t\t\t\t\/\/navText: [\"<\",\">\"],\r\n\t\t\t\t\tdots: false,\r\n\t\t\t\t\tmargin:0,\r\n\t\t\t\t\tresponsiveClass:true,\r\n\t\t\t\t\tnavText: ['<i class=\"fas fa-angle-left\"><\/i>','<i class=\"fas fa-angle-right\"><\/i>'],\r\n\t\t\t\t\tresponsive:{\r\n\t\t\t\t\t\t0:{\r\n\t\t\t\t\t\t\titems:1,\r\n\t\t\t\t\t\t\tnav:true,\r\n\t\t\t\t\t\t\tautoplayTimeout:7000,\r\n\t\t\t\t\t\t\tautoplay:true,\r\n\t\t\t\t\t\t\tloop: true\r\n\t\t\t\t\t\t},\r\n\t\t\t\t\t\t600:{\r\n\t\t\t\t\t\t\titems:2,\r\n\t\t\t\t\t\t\tnav:true,\r\n\t\t\t\t\t\t},\r\n\t\t\t\t\t\t832: {\r\n\t\t\t\t\t\t\titems:3,\r\n\t\t\t\t\t\t\tnav:true\r\n\t\t\t\t\t\t},\r\n\t\t\t\t\t\t1000:{\r\n\t\t\t\t\t\t\titems:4,\r\n\t\t\t\t\t\t\tnav:true\r\n\t\t\t\t\r\n\t\t\t\t\t\t}\r\n\t\t\t\t\t}\r\n\t\t\t\t})\r\n\t\t\r\n\t\t<\/script>\r\n\r\n\t\t\n\n","protected":false},"excerpt":{"rendered":"<p>Nodos &gt; Materiales Avanzados Escalado de nuevas funcionalidades y procesos asociados La innovaci\u00f3n en Materiales siempre ha tra\u00eddo grandes avances a la industria vasca en el lanzamiento de nuevos productos y en la mejora de los procesos de producci\u00f3n existentes. En la actualidad y durante los pr\u00f3ximos a\u00f1os, la innovaci\u00f3n en Materiales avanzados se posicionar\u00e1&hellip;<\/p>\n","protected":false},"author":1,"featured_media":0,"parent":229,"menu_order":0,"comment_status":"closed","ping_status":"closed","template":"","meta":{"_acf_changed":false,"footnotes":""},"class_list":["post-562","page","type-page","status-publish","hentry"],"acf":[],"_links":{"self":[{"href":"https:\/\/bdih.spri.eus\/es\/wp-json\/wp\/v2\/pages\/562","targetHints":{"allow":["GET"]}}],"collection":[{"href":"https:\/\/bdih.spri.eus\/es\/wp-json\/wp\/v2\/pages"}],"about":[{"href":"https:\/\/bdih.spri.eus\/es\/wp-json\/wp\/v2\/types\/page"}],"author":[{"embeddable":true,"href":"https:\/\/bdih.spri.eus\/es\/wp-json\/wp\/v2\/users\/1"}],"replies":[{"embeddable":true,"href":"https:\/\/bdih.spri.eus\/es\/wp-json\/wp\/v2\/comments?post=562"}],"version-history":[{"count":8,"href":"https:\/\/bdih.spri.eus\/es\/wp-json\/wp\/v2\/pages\/562\/revisions"}],"predecessor-version":[{"id":5446,"href":"https:\/\/bdih.spri.eus\/es\/wp-json\/wp\/v2\/pages\/562\/revisions\/5446"}],"up":[{"embeddable":true,"href":"https:\/\/bdih.spri.eus\/es\/wp-json\/wp\/v2\/pages\/229"}],"wp:attachment":[{"href":"https:\/\/bdih.spri.eus\/es\/wp-json\/wp\/v2\/media?parent=562"}],"curies":[{"name":"wp","href":"https:\/\/api.w.org\/{rel}","templated":true}]}}