{"id":567,"date":"2022-08-30T08:05:16","date_gmt":"2022-08-30T08:05:16","guid":{"rendered":"https:\/\/bdih.spri.eus\/?page_id=567"},"modified":"2025-05-07T07:58:00","modified_gmt":"2025-05-07T07:58:00","slug":"maquinas-inteligentes-y-conectadas","status":"publish","type":"page","link":"https:\/\/bdih.spri.eus\/es\/nodos\/maquinas-inteligentes-y-conectadas\/","title":{"rendered":"M\u00e1quinas inteligentes y conectadas"},"content":{"rendered":"\r\n\r\n\tNodos &gt; <strong>M\u00e1quinas inteligentes y conectadas<\/strong>\r\n<p>Ensayo de soluciones avanzadas de recti\ufb01cado digital, conformado avanzado, mecanizado y multitasking, micromecanizado, digitalizaci\u00f3n y conectividad y otros procesos<\/p>\r\n<img decoding=\"async\" src=\"\/archivos\/2022\/08\/Grupo-791.png\" alt=\"icon\" \/>\r\n\t<p>El nodo de M\u00e1quinas Inteligentes y Conectadas agrupa una serie de activos tecnol\u00f3gicos al servicio de las empresas para permitirles desarrollar actividades de ensayo, testeo, desarrollo, demostraci\u00f3n y formaci\u00f3n sobre la tipolog\u00eda de m\u00e1quinas y procesos de fabricaci\u00f3n m\u00e1s establecidos en el tejido industrial vasco.<\/p>\r\n<p>Para ello, el nodo contempla activos (m\u00e1quinas, bancos de ensayo, equipos de verificaci\u00f3n y ensayo) dedicados a los procesos de mecanizado convencional, mecanizado multifunci\u00f3n, hibridaci\u00f3n de procesos, procesos de rectificado y acabado, procesos de micromecanizado y precisi\u00f3n, procesos de conformado y uni\u00f3n, as\u00ed como activos l\u00f3gicos sobre los que ensayar aspectos relacionados con la conectividad, la digitalizaci\u00f3n, las estrategias de control avanzado.<\/p>\r\n\t<p>El Nodo en detalle<\/p>\r\n\t\t\t\t<img loading=\"lazy\" decoding=\"async\" src=\"https:\/\/bdih.spri.eus\/archivos\/2022\/08\/Grupo-791-1.png\" alt=\"Grupo 791\" itemprop=\"image\" height=\"75\" width=\"76\" title=\"Grupo 791\" onerror=\"this.style.display='none'\"  \/>\r\n\t<p>Conoce, de la mano de nuestro experto, toda la informaci\u00f3n del Nodo en profundidad.<\/p>\r\n\t<p>Campos de aplicaci\u00f3n<\/p>\r\n\t<p>12 organizaciones y m\u00e1s de 42 activos para apoyar en:<\/p>\r\n\t\t\t\t\t\t\t\t<a href=\"#\" id=\"fl-tabs--label-0\" data-index=\"0\" aria-selected=\"true\" aria-controls=\"fl-tabs--panel-0\" aria-expanded=\"true\" role=\"tab\" tabindex=\"0\">\t\t\t\tConformado Avanzado\t\t\t\t<\/a>\r\n\t\t\t\t\t\t\t\t<a href=\"#\" id=\"fl-tabs--label-1\" data-index=\"1\" aria-selected=\"false\" aria-controls=\"fl-tabs--panel-1\" aria-expanded=\"false\" role=\"tab\" tabindex=\"0\">\t\t\t\tRectificado y Tecnolog\u00edas de Acabado\t\t\t\t<\/a>\r\n\t\t\t\t\t\t\t\t<a href=\"#\" id=\"fl-tabs--label-2\" data-index=\"2\" aria-selected=\"false\" aria-controls=\"fl-tabs--panel-2\" aria-expanded=\"false\" role=\"tab\" tabindex=\"0\">\t\t\t\tMecanizado y Multitasking\t\t\t\t<\/a>\r\n\t\t\t\t\t\t\t\t<a href=\"#\" id=\"fl-tabs--label-3\" data-index=\"3\" aria-selected=\"false\" aria-controls=\"fl-tabs--panel-3\" aria-expanded=\"false\" role=\"tab\" tabindex=\"0\">\t\t\t\tMecanizado de Precisi\u00f3n y Micromecanizado\t\t\t\t<\/a>\r\n\t\t\t\t\t\t\t\t<a href=\"#\" id=\"fl-tabs--label-4\" data-index=\"4\" aria-selected=\"false\" aria-controls=\"fl-tabs--panel-4\" aria-expanded=\"false\" role=\"tab\" tabindex=\"0\">\t\t\t\tDigitalizaci\u00f3n <br \/>y Conectividad\t\t\t\t<\/a>\r\n\t\t\t\t\t\t\t\t<a href=\"#\" id=\"fl-tabs--label-5\" data-index=\"5\" aria-selected=\"false\" aria-controls=\"fl-tabs--panel-5\" aria-expanded=\"false\" role=\"tab\" tabindex=\"0\">\t\t\t\tOtros procesos\t\t\t\t<\/a>\r\n\t\t\t\t\t\tConformado Avanzado\r\n\t\t\t\t\t\t\t\t\t\t\t<h2>Conformado Avanzado<\/h2>\r\n\t\t\t\t\t\tRectificado y Tecnolog\u00edas de Acabado\r\n\t\t\t\t\t\t\t\t\t\t\t<h2>Rectificado y Tecnolog\u00edas de Acabado<\/h2>\r\n\t\t\t\t\t\tMecanizado y Multitasking\r\n<h2>Mecanizado y Multitasking<\/h2>\r\n\t\t\t\t\t\tMecanizado de Precisi\u00f3n y Micromecanizado\r\n\t\t\t\t\t\t\t\t\t\t\t<h2>Mecanizado de Precisi\u00f3n y Micromecanizado<\/h2>\r\n\t\t\t\t\t\tDigitalizaci\u00f3n <br \/>y Conectividad\r\n\t\t\t\t\t\t\t\t\t\t\t<h2>Digitalizaci\u00f3n y Conectividad<\/h2>\r\n\t\t\t\t\t\tOtros procesos\r\n<h2>Otros procesos<\/h2>\r\n\tVer activos del nodo<br \/>\r\nM\u00e1quinas inteligentes y conectadas\r\n\t\t\t<a href=\"\/es\/activos\/\" target=\"_self\">\r\n\t\t\t\t\t\t\tBuscar en el cat\u00e1logo de activos\r\n\t\t\t<\/a>\r\n\t<p>Contacta con tu enlace<\/p>\r\n\t<p>Es nuestro experto en M\u00e1quinas inteligentes y conectadas y se encargar\u00e1 de conocer el detalle de tu necesidad.<\/p>\r\n\t<strong>Ander Azkarate<\/strong><br \/>\r\nIDEKO<br \/>\r\n<a href=\"mailto:aazcarate@ideko.es\"><strong>aazcarate@ideko.es<\/strong><\/a><br \/>\r\n<strong>943 74 80 00<\/strong>\r\n\t\t\t<h2>Casos de uso<\/h2>\r\n\t\t    <script>\n        var contador = 1;\n    <\/script>\n    <div class=\"startsc\" id=\"startsc\">\n        <div class=\"container\">\n            <div class=\"single-exito test\">\n                <div id=\"container\">\n                    <div class=\"row\">\n                        <div class=\"col-md-2\" style=\"min-height: 1px\"><\/div>\n                        <div class=\"col-3\" style=\"min-height: 1px\"><\/div>\n                    <\/div>\n                    <div class=\"row\">\n                        <div class=\"col-12 col-md-6\">\n                            <iframe loading=\"lazy\" style=\"max-width:100%\" width=\"720\" height=\"315\" src=\"https:\/\/www.youtube.com\/embed\/8pMNGUYZNMM\/\" frameborder=\"0\" allow=\"accelerometer; autoplay; clipboard-write; encrypted-media; gyroscope; picture-in-picture\" allowfullscreen><\/iframe>\n                        <\/div>\n                        <div class=\"col-12 col-md-6\">\n                            <div class=\"row\">\n                                <div class=\"col-md-12 case-title\">\n                                    <div class=\"border-b\">\n                                                                                <h3>Desarrollo de controladores para m\u00e1quinas de soldadura avanzada<\/h3>\n                                                                            <\/div>\n                                <\/div>\n                            <\/div>\n                            <div class=\"row\" style=\"border-bottom: 2px solid; margin: 0; padding-bottom: 0; position: relative\">\n                                <div class=\"col-md-6 logo-case\">\n                                    <img decoding=\"async\" src=\"https:\/\/www.spri.eus\/archivos\/2025\/04\/PNG\/captura-1.png\" alt=\"Berkoa\">\n                                <\/div>\n                                <div class=\"col-md-6 right-case\">\n                                    <p class=\"empresa-exito\">Berkoa<\/p>\n                                    <p style=\"font-size:16px\">Caso de uso<\/p>\n                                <\/div>\n                            <\/div>\n                            <button class=\"btn btn-primary\" type=\"button\" id=\"main-toggler\" data-toggle=\"collapse\" data-target=\"#exitoCollapse\" aria-expanded=\"false\" aria-controls=\"exitoCollapse\">\n                                Ver caso <i class=\"fa fa-angle-down\" style=\"font-size: 47px\"><\/i>\n                            <\/button>\n                        <\/div>\n                    <\/div>\n                    <div class=\"exito-actions\">\n                        <div class=\"detalles-exito collapse\" id=\"exitoCollapse\">\n                            <div class=\"row\">\n                                <div class=\"col-12 col-md-12\">\n                                    <p>Berkoa es una empresa industrial ubicada en Elgoibar y compuesta por 14 profesionales. Est\u00e1 especializada en la fabricaci\u00f3n y el &#8216;retrofitting&#8217; de maquinaria industrial en todas las fases del proceso, desde el dise\u00f1o inicial hasta la puesta en marcha. Entre las m\u00e1quinas especiales que fabrica Berkoa destaca su soldadora de fricci\u00f3n rotativa denominada SoldAvanza, que se encuentra disponible para subcontrataci\u00f3n y fabricaci\u00f3n de prototipos y piezas. Esta m\u00e1quina sirve como banco de ensayos para que los clientes puedan experimentar con nuevas soluciones de uni\u00f3n y validar sus dise\u00f1os antes de pasar a la producci\u00f3n a gran escala, logrando acceso a una tecnolog\u00eda avanzada sin la necesidad de una inversi\u00f3n inicial significativa.<\/p>\n                                    <br>\n                                <\/div>\n                                <div class=\"col-md-6\">\n                                    <h3 class=\"no-top\">Necesidad:<\/h3>\n                                    <p><p>En sus nueve a\u00f1os de vida, Berkoa ha demostrado una notable capacidad para dise\u00f1ar y fabricar m\u00e1quinas especiales a medida y proyectos llave en mano. En los \u00faltimos tiempos, la empresa ha percibido que muchos clientes que buscan adquirir o subcontratar m\u00e1quinas especiales exigen una parametrizaci\u00f3n y una personalizaci\u00f3n que requiere la instalaci\u00f3n de controles avanzados. Con la ayuda del centro tecnol\u00f3gico Lortek y el programa BDIH Konexio, Berkoa ha podido acceder a una plataforma digital especializada que dota a estas m\u00e1quinas de la flexibilidad necesaria para adaptarse a estas nuevas demandas.<\/p>\n<\/p>\n                                    <h3 style=\"max-width: 485px;\">\u00c1rea de la empresa donde se centra la soluci\u00f3n:<\/h3>\n                                    <p>Soldadura Avanzada<\/p>\n                                    <div class=\"exito-details\">\n                                        <p><h3 class=\"exito-inline\">Tama\u00f1o de la Empresa:<\/h3> PYME<\/p>\n                                        <p><h3 class=\"exito-inline\">Sector:<\/h3> Maquinaria industrial<\/p>\n                                        <p><h3 class=\"exito-inline\">Localizaci\u00f3n:<\/h3> Elgoibar (Gipuzkoa)<\/p>\n                                    <\/div>\n                                <\/div>\n                                <div class=\"col-md-6\">\n                                    <h3 class=\"no-top\">Beneficios de la Soluci\u00f3n:<\/h3>\n                                    <ul>\n                                        <li>Desarrollo de controladores para m\u00e1quinas especiales<\/li><li>Mejora en la trazabilidad de la producci\u00f3n<\/li><li>Parametrizaci\u00f3n y personalizaci\u00f3n de las soluciones<\/li><li>Expansi\u00f3n a nuevos sectores<\/li>                                    <\/ul>\n                                    <h3>Tecnolog\u00edas Incorporadas:<\/h3>\n                                    <ul>\n                                        <li>Plataforma digital para procesos de uni\u00f3n y fabricaci\u00f3n aditiva<\/li><li>Controles para la interfaz m\u00e1quina-humano<\/li><li>Controlador BLSC4.0<\/li>                                    <\/ul>\n                                <\/div>\n                            <\/div>\n                        <\/div>\n                        <div class=\"row\">\n                            <div class=\"col-md-6 cierre-toggler\">\n                                <div id=\"btn-container\">\n                                    <button class=\"btn btn-primary\" type=\"button\" id=\"cierre-toggler\">\n                                        Cerrar ficha <i class=\"fas fa-angle-up\" style=\"font-size: 47px\"><\/i>\n                                    <\/button>\n                                                                    <\/div>\n                            <\/div>\n                        <\/div>\n                    <\/div>\n                <\/div><!-- Fin de ficha -->\n                <div class=\"more-block\">\n                    <a class=\"more-cases\" target=\"_blank\" href=\"\/es\/casos-de-uso\/?search=&nodo=3\">> ver mas<\/a>\n                <\/div>\n            <\/div>\n        <\/div>\n    <\/div>\n    \t\t\r\n\t\t<script>\r\n\t\t\tvar cases = [];\r\n\t\t\tvar carousel = '';\r\n\t\t\tvar target = '';\r\n\t\t\t$( document ).ajaxComplete(function() \r\n\t\t\t{\r\n\t\t\t\t\r\n\t\t\t\t$( '#main-toggler' ).click( function(){\r\n\t\t\t\t\t$( '#exitoCollapse' ).slideDown();\r\n\t\t\t\t\t$( '#main-toggler' ).hide();\r\n\t\t\t\t\t$( '#btn-container' ).show();\r\n\t\r\n\r\n\t\t\t\t});\r\n\t\t\t\t$( '#cierre-toggler' ).click ( function(){\r\n\t\t\t\t\t$( '#exitoCollapse' ).slideUp();\r\n\t\t\t\t\t$( '#main-toggler' ).show();\r\n\t\t\t\t\t$( '#btn-container' ).hide();\r\n\r\n\t\t\t\t});\r\n\t\t\t\t\r\n\t\t\t});\r\n\t\t\t$( document ).ready( function(){\r\n\t\t\t\t\r\n\t\t\t\t$( '#main-toggler' ).click( function(){\t\t\r\n\t\t\t\t\t$( '#exitoCollapse' ).slideDown();\t\t\t\r\n\t\t\t\t\t$( '#main-toggler' ).hide();\r\n\t\t\t\t\t$( '#btn-container' ).show();\r\n\r\n\t\t\t\t});\r\n\r\n\t\t\t\t$( '#cierre-toggler' ).click ( function(){\t\r\n\t\t\t\t\t$( '#exitoCollapse' ).slideUp();\t\t\t\t\t\r\n\t\t\t\t\t$( '#main-toggler' ).show();\r\n\t\t\t\t\t$( '#btn-container' ).hide();\r\n\t\t\r\n\t\t\t\t});\r\n\r\n\t\t\t\t\/\/ Carga por ajax de los casos de \u00e9xito del carousel\r\n\t\t\t\tvar target = '';\r\n\t\t\t\t\r\n\t\t\t\t\r\n\t\t\t\tvar carousel = '';\r\n\t\t \t\t$( '.carousel-img' ).each( function(){\r\n\t\t \t\t\tcarousel += $(this).attr('data-value') + ',';\r\n\t\t \t\t\t\r\n\t\t \t\t});\r\n\t\t \t\tcarousel += ','\r\n\t\t \t\t$('.owl-item').last().hide();\r\n\t\t \t\t$('.owl-item').last().hide();\r\n\r\n\t \t\t\t$( '.imgbtn' ).click( function(){\r\n\t \t\t\t\t\r\n\t \t\t\t\ttarget = $( this ).find( '.carousel-img' ).attr( 'data-value');\r\n\t \t\t\t\t\r\n\t \t\t\t\t$( '#container' ).load('https:\/\/bdih.spri.eus\/es\/ajax-loader\/?lang=es&case=' + target);\r\n\t \t\t\t\t$( '.active').show();\r\n\t \t\t\t\t$('.owl-item').last().show();\r\n\t \t\t\t\t$(this).parent().parent().hide();\r\n\t \t\t\t\tvar aTag = $('#startsc');\r\n    \t\t\t\t$('html,body').animate({scrollTop: aTag.offset().top},'slow');\r\n\t \t\t\t});\r\n\r\n\t \t\t\t$( '.loader-btn' ).click( function(){\r\n\t \t\t\t\r\n\t \t\t\t\ttarget = $( this ).attr( 'data-value');\r\n\t \t\t\t\t\r\n\t \t\t\t\t$( '#container' ).load('https:\/\/bdih.spri.eus\/es\/ajax-loader\/?lang=es&case=' + target);\r\n\t \t\t\t\t$( '.active').show();\r\n\t \t\t\t\t$('.owl-item').last().show();\r\n\t \t\t\t\t$(this).parent().parent().parent().parent().hide();\r\n\t \t\t\t\tvar aTag = $('#startsc');\r\n    \t\t\t\t$('html,body').animate({scrollTop: aTag.offset().top},'slow');\r\n\t \t\t\t});\r\n\r\n\t\t\t});\r\n\r\n\t\t\t\r\n\t\t\t\tjQuery('.posts-carousel').owlCarousel({\r\n\t\t\t\t\tloop:false,\r\n\t\t\t\t\tautoplay:false,\r\n\t\t\t\t\tautoplayTimeout:5000,\r\n\t\t\t\t\tautoplayHoverPause:false,\r\n\t\t\t\t\tnav: true,\r\n\t\t\t\t\t\/\/navText: [\"<\",\">\"],\r\n\t\t\t\t\tdots: false,\r\n\t\t\t\t\tmargin:0,\r\n\t\t\t\t\tresponsiveClass:true,\r\n\t\t\t\t\tnavText: ['<i class=\"fas fa-angle-left\"><\/i>','<i class=\"fas fa-angle-right\"><\/i>'],\r\n\t\t\t\t\tresponsive:{\r\n\t\t\t\t\t\t0:{\r\n\t\t\t\t\t\t\titems:1,\r\n\t\t\t\t\t\t\tnav:true,\r\n\t\t\t\t\t\t\tautoplayTimeout:7000,\r\n\t\t\t\t\t\t\tautoplay:true,\r\n\t\t\t\t\t\t\tloop: true\r\n\t\t\t\t\t\t},\r\n\t\t\t\t\t\t600:{\r\n\t\t\t\t\t\t\titems:2,\r\n\t\t\t\t\t\t\tnav:true,\r\n\t\t\t\t\t\t},\r\n\t\t\t\t\t\t832: {\r\n\t\t\t\t\t\t\titems:3,\r\n\t\t\t\t\t\t\tnav:true\r\n\t\t\t\t\t\t},\r\n\t\t\t\t\t\t1000:{\r\n\t\t\t\t\t\t\titems:4,\r\n\t\t\t\t\t\t\tnav:true\r\n\t\t\t\t\r\n\t\t\t\t\t\t}\r\n\t\t\t\t\t}\r\n\t\t\t\t})\r\n\t\t\r\n\t\t<\/script>\r\n\r\n\t\t\r\n\r\n","protected":false},"excerpt":{"rendered":"<p>Nodos &gt; M\u00e1quinas inteligentes y conectadas Ensayo de soluciones avanzadas de recti\ufb01cado digital, conformado avanzado, mecanizado y multitasking, micromecanizado, digitalizaci\u00f3n y conectividad y otros procesos El nodo de M\u00e1quinas Inteligentes y Conectadas agrupa una serie de activos tecnol\u00f3gicos al servicio de las empresas para permitirles desarrollar actividades de ensayo, testeo, desarrollo, demostraci\u00f3n y formaci\u00f3n sobre&hellip;<\/p>\n","protected":false},"author":1,"featured_media":0,"parent":229,"menu_order":0,"comment_status":"closed","ping_status":"closed","template":"","meta":{"_acf_changed":false,"footnotes":""},"class_list":["post-567","page","type-page","status-publish","hentry"],"acf":[],"yoast_head":"<!-- This site is optimized with the Yoast SEO plugin v27.5 - https:\/\/yoast.com\/product\/yoast-seo-wordpress\/ -->\n<title>M\u00e1quinas inteligentes y conectadas - BDIH<\/title>\n<meta name=\"robots\" content=\"index, follow, max-snippet:-1, max-image-preview:large, max-video-preview:-1\" \/>\n<link rel=\"canonical\" href=\"https:\/\/bdih.spri.eus\/es\/nodos\/maquinas-inteligentes-y-conectadas\/\" \/>\n<meta property=\"og:locale\" content=\"es_ES\" \/>\n<meta property=\"og:type\" content=\"article\" \/>\n<meta property=\"og:title\" content=\"M\u00e1quinas inteligentes y conectadas - BDIH\" \/>\n<meta property=\"og:description\" content=\"Nodos &gt; M\u00e1quinas inteligentes y conectadas Ensayo de soluciones avanzadas de recti\ufb01cado digital, conformado avanzado, mecanizado y multitasking, micromecanizado, digitalizaci\u00f3n y conectividad y otros procesos El nodo de M\u00e1quinas Inteligentes y Conectadas agrupa una serie de activos tecnol\u00f3gicos al servicio de las empresas para permitirles desarrollar actividades de ensayo, testeo, desarrollo, demostraci\u00f3n y formaci\u00f3n sobre&hellip;\" \/>\n<meta property=\"og:url\" content=\"https:\/\/bdih.spri.eus\/es\/nodos\/maquinas-inteligentes-y-conectadas\/\" \/>\n<meta property=\"og:site_name\" content=\"BDIH\" \/>\n<meta property=\"article:modified_time\" content=\"2025-05-07T07:58:00+00:00\" \/>\n<meta property=\"og:image\" content=\"https:\/\/bdih.spri.eus\/archivos\/2022\/08\/Grupo-791-1.png\" \/>\n<meta name=\"twitter:card\" content=\"summary_large_image\" \/>\n<script type=\"application\/ld+json\" class=\"yoast-schema-graph\">{\"@context\":\"https:\\\/\\\/schema.org\",\"@graph\":[{\"@type\":\"WebPage\",\"@id\":\"https:\\\/\\\/bdih.spri.eus\\\/es\\\/nodos\\\/maquinas-inteligentes-y-conectadas\\\/\",\"url\":\"https:\\\/\\\/bdih.spri.eus\\\/es\\\/nodos\\\/maquinas-inteligentes-y-conectadas\\\/\",\"name\":\"M\u00e1quinas inteligentes y conectadas - BDIH\",\"isPartOf\":{\"@id\":\"https:\\\/\\\/bdih.spri.eus\\\/#website\"},\"primaryImageOfPage\":{\"@id\":\"https:\\\/\\\/bdih.spri.eus\\\/es\\\/nodos\\\/maquinas-inteligentes-y-conectadas\\\/#primaryimage\"},\"image\":{\"@id\":\"https:\\\/\\\/bdih.spri.eus\\\/es\\\/nodos\\\/maquinas-inteligentes-y-conectadas\\\/#primaryimage\"},\"thumbnailUrl\":\"https:\\\/\\\/bdih.spri.eus\\\/archivos\\\/2022\\\/08\\\/Grupo-791-1.png\",\"datePublished\":\"2022-08-30T08:05:16+00:00\",\"dateModified\":\"2025-05-07T07:58:00+00:00\",\"breadcrumb\":{\"@id\":\"https:\\\/\\\/bdih.spri.eus\\\/es\\\/nodos\\\/maquinas-inteligentes-y-conectadas\\\/#breadcrumb\"},\"inLanguage\":\"es\",\"potentialAction\":[{\"@type\":\"ReadAction\",\"target\":[\"https:\\\/\\\/bdih.spri.eus\\\/es\\\/nodos\\\/maquinas-inteligentes-y-conectadas\\\/\"]}]},{\"@type\":\"ImageObject\",\"inLanguage\":\"es\",\"@id\":\"https:\\\/\\\/bdih.spri.eus\\\/es\\\/nodos\\\/maquinas-inteligentes-y-conectadas\\\/#primaryimage\",\"url\":\"https:\\\/\\\/bdih.spri.eus\\\/archivos\\\/2022\\\/08\\\/Grupo-791-1.png\",\"contentUrl\":\"https:\\\/\\\/bdih.spri.eus\\\/archivos\\\/2022\\\/08\\\/Grupo-791-1.png\"},{\"@type\":\"BreadcrumbList\",\"@id\":\"https:\\\/\\\/bdih.spri.eus\\\/es\\\/nodos\\\/maquinas-inteligentes-y-conectadas\\\/#breadcrumb\",\"itemListElement\":[{\"@type\":\"ListItem\",\"position\":1,\"name\":\"Portada\",\"item\":\"https:\\\/\\\/bdih.spri.eus\\\/es\\\/\"},{\"@type\":\"ListItem\",\"position\":2,\"name\":\"Nodos\",\"item\":\"https:\\\/\\\/bdih.spri.eus\\\/es\\\/nodos\\\/\"},{\"@type\":\"ListItem\",\"position\":3,\"name\":\"M\u00e1quinas inteligentes y conectadas\"}]},{\"@type\":\"WebSite\",\"@id\":\"https:\\\/\\\/bdih.spri.eus\\\/#website\",\"url\":\"https:\\\/\\\/bdih.spri.eus\\\/\",\"name\":\"BDIH\",\"description\":\"BASQUE DIGITAL INNOVATION HUB\",\"publisher\":{\"@id\":\"https:\\\/\\\/bdih.spri.eus\\\/#organization\"},\"alternateName\":\"Basque Digital Innovation HUB\",\"potentialAction\":[{\"@type\":\"SearchAction\",\"target\":{\"@type\":\"EntryPoint\",\"urlTemplate\":\"https:\\\/\\\/bdih.spri.eus\\\/?s={search_term_string}\"},\"query-input\":{\"@type\":\"PropertyValueSpecification\",\"valueRequired\":true,\"valueName\":\"search_term_string\"}}],\"inLanguage\":\"es\"},{\"@type\":\"Organization\",\"@id\":\"https:\\\/\\\/bdih.spri.eus\\\/#organization\",\"name\":\"BDIH\",\"url\":\"https:\\\/\\\/bdih.spri.eus\\\/\",\"logo\":{\"@type\":\"ImageObject\",\"inLanguage\":\"es\",\"@id\":\"https:\\\/\\\/bdih.spri.eus\\\/#\\\/schema\\\/logo\\\/image\\\/\",\"url\":\"https:\\\/\\\/bdih.spri.eus\\\/archivos\\\/2022\\\/08\\\/Grupo-993.png\",\"contentUrl\":\"https:\\\/\\\/bdih.spri.eus\\\/archivos\\\/2022\\\/08\\\/Grupo-993.png\",\"width\":244,\"height\":143,\"caption\":\"BDIH\"},\"image\":{\"@id\":\"https:\\\/\\\/bdih.spri.eus\\\/#\\\/schema\\\/logo\\\/image\\\/\"}}]}<\/script>\n<!-- \/ Yoast SEO plugin. -->","yoast_head_json":{"title":"M\u00e1quinas inteligentes y conectadas - BDIH","robots":{"index":"index","follow":"follow","max-snippet":"max-snippet:-1","max-image-preview":"max-image-preview:large","max-video-preview":"max-video-preview:-1"},"canonical":"https:\/\/bdih.spri.eus\/es\/nodos\/maquinas-inteligentes-y-conectadas\/","og_locale":"es_ES","og_type":"article","og_title":"M\u00e1quinas inteligentes y conectadas - BDIH","og_description":"Nodos &gt; M\u00e1quinas inteligentes y conectadas Ensayo de soluciones avanzadas de recti\ufb01cado digital, conformado avanzado, mecanizado y multitasking, micromecanizado, digitalizaci\u00f3n y conectividad y otros procesos El nodo de M\u00e1quinas Inteligentes y Conectadas agrupa una serie de activos tecnol\u00f3gicos al servicio de las empresas para permitirles desarrollar actividades de ensayo, testeo, desarrollo, demostraci\u00f3n y formaci\u00f3n sobre&hellip;","og_url":"https:\/\/bdih.spri.eus\/es\/nodos\/maquinas-inteligentes-y-conectadas\/","og_site_name":"BDIH","article_modified_time":"2025-05-07T07:58:00+00:00","og_image":[{"url":"https:\/\/bdih.spri.eus\/archivos\/2022\/08\/Grupo-791-1.png","type":"","width":"","height":""}],"twitter_card":"summary_large_image","schema":{"@context":"https:\/\/schema.org","@graph":[{"@type":"WebPage","@id":"https:\/\/bdih.spri.eus\/es\/nodos\/maquinas-inteligentes-y-conectadas\/","url":"https:\/\/bdih.spri.eus\/es\/nodos\/maquinas-inteligentes-y-conectadas\/","name":"M\u00e1quinas inteligentes y conectadas - BDIH","isPartOf":{"@id":"https:\/\/bdih.spri.eus\/#website"},"primaryImageOfPage":{"@id":"https:\/\/bdih.spri.eus\/es\/nodos\/maquinas-inteligentes-y-conectadas\/#primaryimage"},"image":{"@id":"https:\/\/bdih.spri.eus\/es\/nodos\/maquinas-inteligentes-y-conectadas\/#primaryimage"},"thumbnailUrl":"https:\/\/bdih.spri.eus\/archivos\/2022\/08\/Grupo-791-1.png","datePublished":"2022-08-30T08:05:16+00:00","dateModified":"2025-05-07T07:58:00+00:00","breadcrumb":{"@id":"https:\/\/bdih.spri.eus\/es\/nodos\/maquinas-inteligentes-y-conectadas\/#breadcrumb"},"inLanguage":"es","potentialAction":[{"@type":"ReadAction","target":["https:\/\/bdih.spri.eus\/es\/nodos\/maquinas-inteligentes-y-conectadas\/"]}]},{"@type":"ImageObject","inLanguage":"es","@id":"https:\/\/bdih.spri.eus\/es\/nodos\/maquinas-inteligentes-y-conectadas\/#primaryimage","url":"https:\/\/bdih.spri.eus\/archivos\/2022\/08\/Grupo-791-1.png","contentUrl":"https:\/\/bdih.spri.eus\/archivos\/2022\/08\/Grupo-791-1.png"},{"@type":"BreadcrumbList","@id":"https:\/\/bdih.spri.eus\/es\/nodos\/maquinas-inteligentes-y-conectadas\/#breadcrumb","itemListElement":[{"@type":"ListItem","position":1,"name":"Portada","item":"https:\/\/bdih.spri.eus\/es\/"},{"@type":"ListItem","position":2,"name":"Nodos","item":"https:\/\/bdih.spri.eus\/es\/nodos\/"},{"@type":"ListItem","position":3,"name":"M\u00e1quinas inteligentes y conectadas"}]},{"@type":"WebSite","@id":"https:\/\/bdih.spri.eus\/#website","url":"https:\/\/bdih.spri.eus\/","name":"BDIH","description":"BASQUE DIGITAL INNOVATION HUB","publisher":{"@id":"https:\/\/bdih.spri.eus\/#organization"},"alternateName":"Basque Digital Innovation HUB","potentialAction":[{"@type":"SearchAction","target":{"@type":"EntryPoint","urlTemplate":"https:\/\/bdih.spri.eus\/?s={search_term_string}"},"query-input":{"@type":"PropertyValueSpecification","valueRequired":true,"valueName":"search_term_string"}}],"inLanguage":"es"},{"@type":"Organization","@id":"https:\/\/bdih.spri.eus\/#organization","name":"BDIH","url":"https:\/\/bdih.spri.eus\/","logo":{"@type":"ImageObject","inLanguage":"es","@id":"https:\/\/bdih.spri.eus\/#\/schema\/logo\/image\/","url":"https:\/\/bdih.spri.eus\/archivos\/2022\/08\/Grupo-993.png","contentUrl":"https:\/\/bdih.spri.eus\/archivos\/2022\/08\/Grupo-993.png","width":244,"height":143,"caption":"BDIH"},"image":{"@id":"https:\/\/bdih.spri.eus\/#\/schema\/logo\/image\/"}}]}},"_links":{"self":[{"href":"https:\/\/bdih.spri.eus\/es\/wp-json\/wp\/v2\/pages\/567","targetHints":{"allow":["GET"]}}],"collection":[{"href":"https:\/\/bdih.spri.eus\/es\/wp-json\/wp\/v2\/pages"}],"about":[{"href":"https:\/\/bdih.spri.eus\/es\/wp-json\/wp\/v2\/types\/page"}],"author":[{"embeddable":true,"href":"https:\/\/bdih.spri.eus\/es\/wp-json\/wp\/v2\/users\/1"}],"replies":[{"embeddable":true,"href":"https:\/\/bdih.spri.eus\/es\/wp-json\/wp\/v2\/comments?post=567"}],"version-history":[{"count":5,"href":"https:\/\/bdih.spri.eus\/es\/wp-json\/wp\/v2\/pages\/567\/revisions"}],"predecessor-version":[{"id":6298,"href":"https:\/\/bdih.spri.eus\/es\/wp-json\/wp\/v2\/pages\/567\/revisions\/6298"}],"up":[{"embeddable":true,"href":"https:\/\/bdih.spri.eus\/es\/wp-json\/wp\/v2\/pages\/229"}],"wp:attachment":[{"href":"https:\/\/bdih.spri.eus\/es\/wp-json\/wp\/v2\/media?parent=567"}],"curies":[{"name":"wp","href":"https:\/\/api.w.org\/{rel}","templated":true}]}}