{"id":577,"date":"2022-08-30T08:09:30","date_gmt":"2022-08-30T08:09:30","guid":{"rendered":"https:\/\/bdih.spri.eus\/?page_id=577"},"modified":"2025-03-24T08:34:28","modified_gmt":"2025-03-24T08:34:28","slug":"dispositivos-medicos-y-salud-digital","status":"publish","type":"page","link":"https:\/\/bdih.spri.eus\/es\/nodos\/dispositivos-medicos-y-salud-digital\/","title":{"rendered":"Dispositivos m\u00e9dicos y Salud Digital"},"content":{"rendered":"\n\n\tNodos &gt; <strong>Dispositivos m\u00e9dicos y Salud Digital<\/strong>\n<p>Digitalizaci\u00f3n para el diagn\u00f3stico y el desarrollo de nuevas aplicaciones y dispositivos<\/p>\n<img decoding=\"async\" src=\"\/archivos\/2022\/08\/Grupo-798.png\" alt=\"icon\" \/>\n\t<p>Dispositivo m\u00e9dico es cualquier instrumento, aparato, m\u00e1quina, implante, reactivo para uso in vitro, software, material u otro art\u00edculo similar o relacionado para la prevenci\u00f3n, el diagn\u00f3stico, el tratamiento y la rehabilitaci\u00f3n de enfermedades y dolencias.<\/p>\n<p>El nodo de Dispositivo m\u00e9dicos y salud digital cuenta con la infraestructura de todos los agentes vascos del ecosistema de innovaci\u00f3n relacionado con los dispositivos m\u00e9dicos y la salud digital. En concreto, est\u00e1 formado por centros de I+D, universidades e institutos p\u00fablicos bio-sanitarios de Euskadi, lo cual le confiere una alta cualificaci\u00f3n para ofrecer a las PYMEs y emprendedores del sector la posibilidad de asesoramiento tecnol\u00f3gico-econ\u00f3mico, apoyo en el dise\u00f1o, prototipado y validaci\u00f3n, o actividades formativas especializadas.<\/p>\n\t<h2>El Nodo en detalle<\/h2>\n\t<iframe loading=\"lazy\" title=\"BDIH Nodos - Dispositivos M\u00e9dicos y Salud Digital\" width=\"500\" height=\"281\" src=\"https:\/\/www.youtube.com\/embed\/c67PHwx1stA?feature=oembed\" frameborder=\"0\" allow=\"accelerometer; autoplay; clipboard-write; encrypted-media; gyroscope; picture-in-picture; web-share\" referrerpolicy=\"strict-origin-when-cross-origin\" allowfullscreen><\/iframe>\n\tConoce, de la mano de nuestro experto,<br \/>\ntoda la informaci\u00f3n del Nodo en profundidad.\n\t<p>Campos de aplicaci\u00f3n<\/p>\n\t<p>15 organizaciones y m\u00e1s de 50 activos para ayudar en:<\/p>\n\t\t\t\t\t\t\t\t<a href=\"#\" id=\"fl-tabs--label-0\" data-index=\"0\" aria-selected=\"true\" aria-controls=\"fl-tabs--panel-0\" aria-expanded=\"true\" role=\"tab\" tabindex=\"0\">\t\t\t\tDispositivos electro m\u00e9dicos\t\t\t\t<\/a>\n\t\t\t\t\t\t\t\t<a href=\"#\" id=\"fl-tabs--label-1\" data-index=\"1\" aria-selected=\"false\" aria-controls=\"fl-tabs--panel-1\" aria-expanded=\"false\" role=\"tab\" tabindex=\"0\">\t\t\t\tTecnolog\u00eda ortop\u00e9dica y de rehabilitaci\u00f3n\t\t\t\t<\/a>\n\t\t\t\t\t\t\t\t<a href=\"#\" id=\"fl-tabs--label-2\" data-index=\"2\" aria-selected=\"false\" aria-controls=\"fl-tabs--panel-2\" aria-expanded=\"false\" role=\"tab\" tabindex=\"0\">\t\t\t\tDiagn\u00f3stico in vitro\t\t\t\t<\/a>\n\t\t\t\t\t\t\t\t<a href=\"#\" id=\"fl-tabs--label-3\" data-index=\"3\" aria-selected=\"false\" aria-controls=\"fl-tabs--panel-3\" aria-expanded=\"false\" role=\"tab\" tabindex=\"0\">\t\t\t\tEquipamiento de laboratorio\t\t\t\t<\/a>\n\t\t\t\t\t\t\t\t<a href=\"#\" id=\"fl-tabs--label-4\" data-index=\"4\" aria-selected=\"false\" aria-controls=\"fl-tabs--panel-4\" aria-expanded=\"false\" role=\"tab\" tabindex=\"0\">\t\t\t\tImagen m\u00e9dica\t\t\t\t<\/a>\n\t\t\t\t\t\t\t\t<a href=\"#\" id=\"fl-tabs--label-5\" data-index=\"5\" aria-selected=\"false\" aria-controls=\"fl-tabs--panel-5\" aria-expanded=\"false\" role=\"tab\" tabindex=\"0\">\t\t\t\tSalud digital\t\t\t\t<\/a>\n\t\t\t\t\t\t\t\t<a href=\"#\" id=\"fl-tabs--label-6\" data-index=\"6\" aria-selected=\"false\" aria-controls=\"fl-tabs--panel-6\" aria-expanded=\"false\" role=\"tab\" tabindex=\"0\">\t\t\t\tConsumibles biom\u00e9dicos\t\t\t\t<\/a>\n\t\t\t\t\t\t\t\t<a href=\"#\" id=\"fl-tabs--label-7\" data-index=\"7\" aria-selected=\"false\" aria-controls=\"fl-tabs--panel-7\" aria-expanded=\"false\" role=\"tab\" tabindex=\"0\">\t\t\t\tFabricaci\u00f3n aditiva\t\t\t\t<\/a>\n\t\t\t\t\t\tDispositivos electro m\u00e9dicos\n\t\t\t\t\t\t\t\t\t\t\t<h2>Dispositivos electro m\u00e9dicos<\/h2>\n<p>Tecnolog\u00eda m\u00e9dica y dispositivos de Electromedicina:<\/p>\n<ul>\n<li>Para el diagn\u00f3stico (ejemplos: electroencefal\u00f3grafos, equipos de miograf\u00eda)<\/li>\n<li>Para terapia (ejemplos: cardioterapia, terapia laser),<br \/>\nCuidados intensivos (ejemplos: respiraci\u00f3n artificial, incubadoras),<\/li>\n<li>Cirug\u00eda y endoscopia (ejemplos: instrumental, equipos cirug\u00eda el\u00e9ctrica).<\/li>\n<\/ul>\n\t\t\t\t\t\tTecnolog\u00eda ortop\u00e9dica y de rehabilitaci\u00f3n\n\t\t\t\t\t\t\t\t\t\t\t<h2>Tecnolog\u00eda ortop\u00e9dica y de rehabilitaci\u00f3n<\/h2>\n<p>Pr\u00f3tesis, fisioterapia y ortopedia:<\/p>\n<ul>\n<li>Fisioterapia y tecnolog\u00eda ortop\u00e9dica<\/li>\n<li>Aparatos de terapia de compresi\u00f3n<\/li>\n<li>Aparatos de entrenamiento<\/li>\n<li>Aparatos y equipamiento de rehabilitaci\u00f3n y de neurorrehabilitaci\u00f3n.<\/li>\n<li>Incluye equipamiento dental.<\/li>\n<\/ul>\n\t\t\t\t\t\tDiagn\u00f3stico in vitro\n\t\t\t\t\t\t\t\t\t\t\t<h2>Diagn\u00f3stico in vitro<\/h2>\n<ul>\n<li>Sistemas para el diagn\u00f3stico en qu\u00edmica cl\u00ednica (ejemplos: an\u00e1lisis bilirrubina, electroforesis, kits de diagn\u00f3stico ADN)<\/li>\n<li>Inmunoqu\u00edmica (ejemplos: an\u00e1lisis de anemia, alergias, hormonas, &#8230;)<\/li>\n<li>Hematolog\u00eda\/histolog\u00eda\/citolog\u00eda (ejemplos: aparatos para hemogramas, velocidad de sedimentaci\u00f3n, &#8230;)<\/li>\n<li>Microbiolog\u00eda (ejemplos: bacteriolog\u00eda, micolog\u00eda, &#8230;)<\/li>\n<li>Inmunolog\u00eda infecciosa (ejemplos: virus de hepatitis, retrovirus, parasitolog\u00eda, &#8230;).<\/li>\n<\/ul>\n\t\t\t\t\t\tEquipamiento de laboratorio\n\t\t\t\t\t\t\t\t\t\t\t<h2>Equipamiento de laboratorio<\/h2>\n<ul>\n<li>Equipos para an\u00e1lisis (ejemplos: evaporadores, fot\u00f3metros)<\/li>\n<li>Instrumentos de tinci\u00f3n<\/li>\n<li>Sistemas de filtraci\u00f3n<\/li>\n<li>Microscopios, homogeneizadores, intercambiadores i\u00f3nicos, micr\u00f3tomos, osm\u00f3metros<\/li>\n<li>Otros equipos para laboratorios<\/li>\n<li>Sistemas de osmosis inversa<\/li>\n<li>Centrifugadoras, etc.<\/li>\n<\/ul>\n\t\t\t\t\t\tImagen m\u00e9dica\n\t\t\t\t\t\t\t\t\t\t\t<h2>Imagen m\u00e9dica<\/h2>\n<p>Dispositivos y procedimientos basados en imagen (ejemplos: tom\u00f3grafos computerizados, medicina nuclear, diagnostico por ultrasonidos, equipos para documentaci\u00f3n por im\u00e1genes, tomograf\u00eda de impedancia electr\u00f3nica, tom\u00f3grafos por resonancia magn\u00e9tica, equipos de rayos X, &#8230;)<\/p>\n\t\t\t\t\t\tSalud digital\n\t\t\t\t\t\t\t\t\t\t\t<h2>Salud digital<\/h2>\n<p>Tecnolog\u00edas de la informaci\u00f3n:<\/p>\n<ul>\n<li>Sistemas basados en tecnolog\u00edas de la informaci\u00f3n y comunicaciones como los sistemas socio-sanitarios (ejemplos: sistemas de documentaci\u00f3n cl\u00ednica, HIS, expedientes electr\u00f3nicos) y<\/li>\n<li>Los sistemas \u00abTELE\u00bb (ejemplos: sistemas de teleasistencia, sistemas de tele-consulta, alarmas paciente-enfermer\u00eda)<\/li>\n<\/ul>\n\t\t\t\t\t\tConsumibles biom\u00e9dicos\n\t\t\t\t\t\t\t\t\t\t\t<h2>Consumibles biom\u00e9dicos<\/h2>\n<ul>\n<li>\u00a0Cat\u00e9teres<\/li>\n<li>\u00a0F\u00e9rulas<\/li>\n<li>\u00a0Suministros<\/li>\n<li>\u00a0Art\u00edculos de un solo uso<\/li>\n<li>\u00a0Materiales de vendaje, &#8230;<\/li>\n<\/ul>\n\t\t\t\t\t\tFabricaci\u00f3n aditiva\n\t\t\t\t\t\t\t\t\t\t\t<h2>Fabricaci\u00f3n aditiva<\/h2>\n<ul>\n<li>Biotintas para nuevos andamios biol\u00f3gicos<\/li>\n<li>Bioimpresora 3D<\/li>\n<\/ul>\n\tVer activos del nodo<br \/>\nDispositivos m\u00e9dicos y Salud Digital\n\t\t\t<a href=\"\/es\/activos\/\" target=\"_self\">\n\t\t\t\t\t\t\tBuscar en el cat\u00e1logo de activos\n\t\t\t<\/a>\n\t<p>Contacta con tu enlace<\/p>\n\t<p>Es nuestra experta en dispositivos m\u00e9dicos y salud digital y se encargar\u00e1 de conocer el detalle de tu necesidad.<\/p>\n\t<strong>Carmen Pastor<\/strong><br \/>\nTECNALIA<br \/>\n<a href=\"mailto:carmen.pastor@tecnalia.com\"><strong>carmen.pastor@tecnalia.com<\/strong><\/a><br \/>\n<strong>946430850<\/strong>\n\t\t\t<h2>Casos de uso<\/h2>\r\n\t\t    <script>\n        var contador = 1;\n    <\/script>\n    <div class=\"startsc\" id=\"startsc\">\n        <div class=\"container\">\n            <div class=\"single-exito test\">\n                <div id=\"container\">\n                    <div class=\"row\">\n                        <div class=\"col-md-2\" style=\"min-height: 1px\"><\/div>\n                        <div class=\"col-3\" style=\"min-height: 1px\"><\/div>\n                    <\/div>\n                    <div class=\"row\">\n                        <div class=\"col-12 col-md-6\">\n                            <iframe loading=\"lazy\" style=\"max-width:100%\" width=\"720\" height=\"315\" src=\"https:\/\/www.youtube.com\/embed\/\/IL0dI8rJY0Q\/\" frameborder=\"0\" allow=\"accelerometer; autoplay; clipboard-write; encrypted-media; gyroscope; picture-in-picture\" allowfullscreen><\/iframe>\n                        <\/div>\n                        <div class=\"col-12 col-md-6\">\n                            <div class=\"row\">\n                                <div class=\"col-md-12 case-title\">\n                                    <div class=\"border-b\">\n                                                                                <h3>Detecci\u00f3n de virus SARS-CoV-2 con transistores de efecto de campo de grafeno<\/h3>\n                                                                            <\/div>\n                                <\/div>\n                            <\/div>\n                            <div class=\"row\" style=\"border-bottom: 2px solid; margin: 0; padding-bottom: 0; position: relative\">\n                                <div class=\"col-md-6 logo-case\">\n                                    <img decoding=\"async\" src=\"\" alt=\"GRAPHENEA\">\n                                <\/div>\n                                <div class=\"col-md-6 right-case\">\n                                    <p class=\"empresa-exito\">GRAPHENEA<\/p>\n                                    <p style=\"font-size:16px\">Caso de uso<\/p>\n                                <\/div>\n                            <\/div>\n                            <button class=\"btn btn-primary\" type=\"button\" id=\"main-toggler\" data-toggle=\"collapse\" data-target=\"#exitoCollapse\" aria-expanded=\"false\" aria-controls=\"exitoCollapse\">\n                                Ver caso <i class=\"fa fa-angle-down\" style=\"font-size: 47px\"><\/i>\n                            <\/button>\n                        <\/div>\n                    <\/div>\n                    <div class=\"exito-actions\">\n                        <div class=\"detalles-exito collapse\" id=\"exitoCollapse\">\n                            <div class=\"row\">\n                                <div class=\"col-12 col-md-12\">\n                                    <p><span style=\"font-weight: 400;\">Graphenea es una empresa nacida en 2010 con el objetivo de producir grafeno para investigadores. En la compa\u00f1\u00eda trabajan 36 personas que se dedican a la producci\u00f3n e investigaci\u00f3n del grafeno, aunque recientemente ha decidido introducirse en el desarrollo del producto para crear biosensores de este material con los que reconocer virus como el Sars-Cov-2, de gran utilidad en plena pandemia de la Covid-19.<\/span><\/p>\n                                    <br>\n                                <\/div>\n                                <div class=\"col-md-6\">\n                                    <h3 class=\"no-top\">Necesidad:<\/h3>\n                                    <p><p><span style=\"font-weight: 400;\">Pasar de producir e investigar el grafeno a desarrollar productos basados en este material <\/span><span style=\"font-weight: 400;\">con visos a encontrar aplicaciones industriales.<\/span><\/p>\n<\/p>\n                                    <h3 style=\"max-width: 485px;\">\u00c1rea de la empresa donde se centra la soluci\u00f3n:<\/h3>\n                                    <p>Desarrollo de producto<\/p>\n                                    <div class=\"exito-details\">\n                                        <p><h3 class=\"exito-inline\">Tama\u00f1o de la Empresa:<\/h3> PYME<\/p>\n                                        <p><h3 class=\"exito-inline\">Sector:<\/h3> Producci\u00f3n de grafeno<\/p>\n                                        <p><h3 class=\"exito-inline\">Localizaci\u00f3n:<\/h3> Donostia-San Sebasti\u00e1n (Gipuzkoa)<\/p>\n                                    <\/div>\n                                <\/div>\n                                <div class=\"col-md-6\">\n                                    <h3 class=\"no-top\">Beneficios de la Soluci\u00f3n:<\/h3>\n                                    <ul>\n                                        <li>Acceso a nuevos equipamientos<\/li><li>Apertura de nuevos mercados<\/li><li>Nuevos productos para el sector <\/li>                                    <\/ul>\n                                    <h3>Tecnolog\u00edas Incorporadas:<\/h3>\n                                    <ul>\n                                        <li>Funcionalizaci\u00f3n de materiales<\/li><li>Nanotecnolog\u00eda<\/li>                                    <\/ul>\n                                <\/div>\n                            <\/div>\n                        <\/div>\n                        <div class=\"row\">\n                            <div class=\"col-md-6 cierre-toggler\">\n                                <div id=\"btn-container\">\n                                    <button class=\"btn btn-primary\" type=\"button\" id=\"cierre-toggler\">\n                                        Cerrar ficha <i class=\"fas fa-angle-up\" style=\"font-size: 47px\"><\/i>\n                                    <\/button>\n                                                                    <\/div>\n                            <\/div>\n                        <\/div>\n                    <\/div>\n                <\/div><!-- Fin de ficha -->\n                <div class=\"more-block\">\n                    <a class=\"more-cases\" target=\"_blank\" href=\"\/es\/casos-de-uso\/?search=&nodo=8\">> ver mas<\/a>\n                <\/div>\n            <\/div>\n        <\/div>\n    <\/div>\n    \t\t\r\n\t\t<script>\r\n\t\t\tvar cases = [];\r\n\t\t\tvar carousel = '';\r\n\t\t\tvar target = '';\r\n\t\t\t$( document ).ajaxComplete(function() \r\n\t\t\t{\r\n\t\t\t\t\r\n\t\t\t\t$( '#main-toggler' ).click( function(){\r\n\t\t\t\t\t$( '#exitoCollapse' ).slideDown();\r\n\t\t\t\t\t$( '#main-toggler' ).hide();\r\n\t\t\t\t\t$( '#btn-container' ).show();\r\n\t\r\n\r\n\t\t\t\t});\r\n\t\t\t\t$( '#cierre-toggler' ).click ( function(){\r\n\t\t\t\t\t$( '#exitoCollapse' ).slideUp();\r\n\t\t\t\t\t$( '#main-toggler' ).show();\r\n\t\t\t\t\t$( '#btn-container' ).hide();\r\n\r\n\t\t\t\t});\r\n\t\t\t\t\r\n\t\t\t});\r\n\t\t\t$( document ).ready( function(){\r\n\t\t\t\t\r\n\t\t\t\t$( '#main-toggler' ).click( function(){\t\t\r\n\t\t\t\t\t$( '#exitoCollapse' ).slideDown();\t\t\t\r\n\t\t\t\t\t$( '#main-toggler' ).hide();\r\n\t\t\t\t\t$( '#btn-container' ).show();\r\n\r\n\t\t\t\t});\r\n\r\n\t\t\t\t$( '#cierre-toggler' ).click ( function(){\t\r\n\t\t\t\t\t$( '#exitoCollapse' ).slideUp();\t\t\t\t\t\r\n\t\t\t\t\t$( '#main-toggler' ).show();\r\n\t\t\t\t\t$( '#btn-container' ).hide();\r\n\t\t\r\n\t\t\t\t});\r\n\r\n\t\t\t\t\/\/ Carga por ajax de los casos de \u00e9xito del carousel\r\n\t\t\t\tvar target = '';\r\n\t\t\t\t\r\n\t\t\t\t\r\n\t\t\t\tvar carousel = '';\r\n\t\t \t\t$( '.carousel-img' ).each( function(){\r\n\t\t \t\t\tcarousel += $(this).attr('data-value') + ',';\r\n\t\t \t\t\t\r\n\t\t \t\t});\r\n\t\t \t\tcarousel += ','\r\n\t\t \t\t$('.owl-item').last().hide();\r\n\t\t \t\t$('.owl-item').last().hide();\r\n\r\n\t \t\t\t$( '.imgbtn' ).click( function(){\r\n\t \t\t\t\t\r\n\t \t\t\t\ttarget = $( this ).find( '.carousel-img' ).attr( 'data-value');\r\n\t \t\t\t\t\r\n\t \t\t\t\t$( '#container' ).load('https:\/\/bdih.spri.eus\/es\/ajax-loader\/?lang=es&case=' + target);\r\n\t \t\t\t\t$( '.active').show();\r\n\t \t\t\t\t$('.owl-item').last().show();\r\n\t \t\t\t\t$(this).parent().parent().hide();\r\n\t \t\t\t\tvar aTag = $('#startsc');\r\n    \t\t\t\t$('html,body').animate({scrollTop: aTag.offset().top},'slow');\r\n\t \t\t\t});\r\n\r\n\t \t\t\t$( '.loader-btn' ).click( function(){\r\n\t \t\t\t\r\n\t \t\t\t\ttarget = $( this ).attr( 'data-value');\r\n\t \t\t\t\t\r\n\t \t\t\t\t$( '#container' ).load('https:\/\/bdih.spri.eus\/es\/ajax-loader\/?lang=es&case=' + target);\r\n\t \t\t\t\t$( '.active').show();\r\n\t \t\t\t\t$('.owl-item').last().show();\r\n\t \t\t\t\t$(this).parent().parent().parent().parent().hide();\r\n\t \t\t\t\tvar aTag = $('#startsc');\r\n    \t\t\t\t$('html,body').animate({scrollTop: aTag.offset().top},'slow');\r\n\t \t\t\t});\r\n\r\n\t\t\t});\r\n\r\n\t\t\t\r\n\t\t\t\tjQuery('.posts-carousel').owlCarousel({\r\n\t\t\t\t\tloop:false,\r\n\t\t\t\t\tautoplay:false,\r\n\t\t\t\t\tautoplayTimeout:5000,\r\n\t\t\t\t\tautoplayHoverPause:false,\r\n\t\t\t\t\tnav: true,\r\n\t\t\t\t\t\/\/navText: [\"<\",\">\"],\r\n\t\t\t\t\tdots: false,\r\n\t\t\t\t\tmargin:0,\r\n\t\t\t\t\tresponsiveClass:true,\r\n\t\t\t\t\tnavText: ['<i class=\"fas fa-angle-left\"><\/i>','<i class=\"fas fa-angle-right\"><\/i>'],\r\n\t\t\t\t\tresponsive:{\r\n\t\t\t\t\t\t0:{\r\n\t\t\t\t\t\t\titems:1,\r\n\t\t\t\t\t\t\tnav:true,\r\n\t\t\t\t\t\t\tautoplayTimeout:7000,\r\n\t\t\t\t\t\t\tautoplay:true,\r\n\t\t\t\t\t\t\tloop: true\r\n\t\t\t\t\t\t},\r\n\t\t\t\t\t\t600:{\r\n\t\t\t\t\t\t\titems:2,\r\n\t\t\t\t\t\t\tnav:true,\r\n\t\t\t\t\t\t},\r\n\t\t\t\t\t\t832: {\r\n\t\t\t\t\t\t\titems:3,\r\n\t\t\t\t\t\t\tnav:true\r\n\t\t\t\t\t\t},\r\n\t\t\t\t\t\t1000:{\r\n\t\t\t\t\t\t\titems:4,\r\n\t\t\t\t\t\t\tnav:true\r\n\t\t\t\t\r\n\t\t\t\t\t\t}\r\n\t\t\t\t\t}\r\n\t\t\t\t})\r\n\t\t\r\n\t\t<\/script>\r\n\r\n\t\t\n\n","protected":false},"excerpt":{"rendered":"<p>Nodos &gt; Dispositivos m\u00e9dicos y Salud Digital Digitalizaci\u00f3n para el diagn\u00f3stico y el desarrollo de nuevas aplicaciones y dispositivos Dispositivo m\u00e9dico es cualquier instrumento, aparato, m\u00e1quina, implante, reactivo para uso in vitro, software, material u otro art\u00edculo similar o relacionado para la prevenci\u00f3n, el diagn\u00f3stico, el tratamiento y la rehabilitaci\u00f3n de enfermedades y dolencias. El&hellip;<\/p>\n","protected":false},"author":1,"featured_media":0,"parent":229,"menu_order":0,"comment_status":"closed","ping_status":"closed","template":"","meta":{"_acf_changed":false,"footnotes":""},"class_list":["post-577","page","type-page","status-publish","hentry"],"acf":[],"yoast_head":"<!-- This site is optimized with the Yoast SEO plugin v27.5 - https:\/\/yoast.com\/product\/yoast-seo-wordpress\/ -->\n<title>Dispositivos m\u00e9dicos y Salud Digital - BDIH<\/title>\n<meta name=\"robots\" content=\"index, follow, max-snippet:-1, max-image-preview:large, max-video-preview:-1\" \/>\n<link rel=\"canonical\" href=\"https:\/\/bdih.spri.eus\/es\/nodos\/dispositivos-medicos-y-salud-digital\/\" \/>\n<meta property=\"og:locale\" content=\"es_ES\" \/>\n<meta property=\"og:type\" content=\"article\" \/>\n<meta property=\"og:title\" content=\"Dispositivos m\u00e9dicos y Salud Digital - BDIH\" \/>\n<meta property=\"og:description\" content=\"Nodos &gt; Dispositivos m\u00e9dicos y Salud Digital Digitalizaci\u00f3n para el diagn\u00f3stico y el desarrollo de nuevas aplicaciones y dispositivos Dispositivo m\u00e9dico es cualquier instrumento, aparato, m\u00e1quina, implante, reactivo para uso in vitro, software, material u otro art\u00edculo similar o relacionado para la prevenci\u00f3n, el diagn\u00f3stico, el tratamiento y la rehabilitaci\u00f3n de enfermedades y dolencias. El&hellip;\" \/>\n<meta property=\"og:url\" content=\"https:\/\/bdih.spri.eus\/es\/nodos\/dispositivos-medicos-y-salud-digital\/\" \/>\n<meta property=\"og:site_name\" content=\"BDIH\" \/>\n<meta property=\"article:modified_time\" content=\"2025-03-24T08:34:28+00:00\" \/>\n<meta property=\"og:image\" content=\"https:\/\/bdih.spri.eus\/archivos\/2022\/10\/cropped-logo-bdih.png\" \/>\n\t<meta property=\"og:image:width\" content=\"512\" \/>\n\t<meta property=\"og:image:height\" content=\"512\" \/>\n\t<meta property=\"og:image:type\" content=\"image\/png\" \/>\n<meta name=\"twitter:card\" content=\"summary_large_image\" \/>\n<script type=\"application\/ld+json\" class=\"yoast-schema-graph\">{\"@context\":\"https:\\\/\\\/schema.org\",\"@graph\":[{\"@type\":\"WebPage\",\"@id\":\"https:\\\/\\\/bdih.spri.eus\\\/es\\\/nodos\\\/dispositivos-medicos-y-salud-digital\\\/\",\"url\":\"https:\\\/\\\/bdih.spri.eus\\\/es\\\/nodos\\\/dispositivos-medicos-y-salud-digital\\\/\",\"name\":\"Dispositivos m\u00e9dicos y Salud Digital - BDIH\",\"isPartOf\":{\"@id\":\"https:\\\/\\\/bdih.spri.eus\\\/#website\"},\"datePublished\":\"2022-08-30T08:09:30+00:00\",\"dateModified\":\"2025-03-24T08:34:28+00:00\",\"breadcrumb\":{\"@id\":\"https:\\\/\\\/bdih.spri.eus\\\/es\\\/nodos\\\/dispositivos-medicos-y-salud-digital\\\/#breadcrumb\"},\"inLanguage\":\"es\",\"potentialAction\":[{\"@type\":\"ReadAction\",\"target\":[\"https:\\\/\\\/bdih.spri.eus\\\/es\\\/nodos\\\/dispositivos-medicos-y-salud-digital\\\/\"]}]},{\"@type\":\"BreadcrumbList\",\"@id\":\"https:\\\/\\\/bdih.spri.eus\\\/es\\\/nodos\\\/dispositivos-medicos-y-salud-digital\\\/#breadcrumb\",\"itemListElement\":[{\"@type\":\"ListItem\",\"position\":1,\"name\":\"Portada\",\"item\":\"https:\\\/\\\/bdih.spri.eus\\\/es\\\/\"},{\"@type\":\"ListItem\",\"position\":2,\"name\":\"Nodos\",\"item\":\"https:\\\/\\\/bdih.spri.eus\\\/es\\\/nodos\\\/\"},{\"@type\":\"ListItem\",\"position\":3,\"name\":\"Dispositivos m\u00e9dicos y Salud Digital\"}]},{\"@type\":\"WebSite\",\"@id\":\"https:\\\/\\\/bdih.spri.eus\\\/#website\",\"url\":\"https:\\\/\\\/bdih.spri.eus\\\/\",\"name\":\"BDIH\",\"description\":\"BASQUE DIGITAL INNOVATION HUB\",\"publisher\":{\"@id\":\"https:\\\/\\\/bdih.spri.eus\\\/#organization\"},\"alternateName\":\"Basque Digital Innovation HUB\",\"potentialAction\":[{\"@type\":\"SearchAction\",\"target\":{\"@type\":\"EntryPoint\",\"urlTemplate\":\"https:\\\/\\\/bdih.spri.eus\\\/?s={search_term_string}\"},\"query-input\":{\"@type\":\"PropertyValueSpecification\",\"valueRequired\":true,\"valueName\":\"search_term_string\"}}],\"inLanguage\":\"es\"},{\"@type\":\"Organization\",\"@id\":\"https:\\\/\\\/bdih.spri.eus\\\/#organization\",\"name\":\"BDIH\",\"url\":\"https:\\\/\\\/bdih.spri.eus\\\/\",\"logo\":{\"@type\":\"ImageObject\",\"inLanguage\":\"es\",\"@id\":\"https:\\\/\\\/bdih.spri.eus\\\/#\\\/schema\\\/logo\\\/image\\\/\",\"url\":\"https:\\\/\\\/bdih.spri.eus\\\/archivos\\\/2022\\\/08\\\/Grupo-993.png\",\"contentUrl\":\"https:\\\/\\\/bdih.spri.eus\\\/archivos\\\/2022\\\/08\\\/Grupo-993.png\",\"width\":244,\"height\":143,\"caption\":\"BDIH\"},\"image\":{\"@id\":\"https:\\\/\\\/bdih.spri.eus\\\/#\\\/schema\\\/logo\\\/image\\\/\"}}]}<\/script>\n<!-- \/ Yoast SEO plugin. -->","yoast_head_json":{"title":"Dispositivos m\u00e9dicos y Salud Digital - BDIH","robots":{"index":"index","follow":"follow","max-snippet":"max-snippet:-1","max-image-preview":"max-image-preview:large","max-video-preview":"max-video-preview:-1"},"canonical":"https:\/\/bdih.spri.eus\/es\/nodos\/dispositivos-medicos-y-salud-digital\/","og_locale":"es_ES","og_type":"article","og_title":"Dispositivos m\u00e9dicos y Salud Digital - BDIH","og_description":"Nodos &gt; Dispositivos m\u00e9dicos y Salud Digital Digitalizaci\u00f3n para el diagn\u00f3stico y el desarrollo de nuevas aplicaciones y dispositivos Dispositivo m\u00e9dico es cualquier instrumento, aparato, m\u00e1quina, implante, reactivo para uso in vitro, software, material u otro art\u00edculo similar o relacionado para la prevenci\u00f3n, el diagn\u00f3stico, el tratamiento y la rehabilitaci\u00f3n de enfermedades y dolencias. El&hellip;","og_url":"https:\/\/bdih.spri.eus\/es\/nodos\/dispositivos-medicos-y-salud-digital\/","og_site_name":"BDIH","article_modified_time":"2025-03-24T08:34:28+00:00","og_image":[{"width":512,"height":512,"url":"https:\/\/bdih.spri.eus\/archivos\/2022\/10\/cropped-logo-bdih.png","type":"image\/png"}],"twitter_card":"summary_large_image","schema":{"@context":"https:\/\/schema.org","@graph":[{"@type":"WebPage","@id":"https:\/\/bdih.spri.eus\/es\/nodos\/dispositivos-medicos-y-salud-digital\/","url":"https:\/\/bdih.spri.eus\/es\/nodos\/dispositivos-medicos-y-salud-digital\/","name":"Dispositivos m\u00e9dicos y Salud Digital - BDIH","isPartOf":{"@id":"https:\/\/bdih.spri.eus\/#website"},"datePublished":"2022-08-30T08:09:30+00:00","dateModified":"2025-03-24T08:34:28+00:00","breadcrumb":{"@id":"https:\/\/bdih.spri.eus\/es\/nodos\/dispositivos-medicos-y-salud-digital\/#breadcrumb"},"inLanguage":"es","potentialAction":[{"@type":"ReadAction","target":["https:\/\/bdih.spri.eus\/es\/nodos\/dispositivos-medicos-y-salud-digital\/"]}]},{"@type":"BreadcrumbList","@id":"https:\/\/bdih.spri.eus\/es\/nodos\/dispositivos-medicos-y-salud-digital\/#breadcrumb","itemListElement":[{"@type":"ListItem","position":1,"name":"Portada","item":"https:\/\/bdih.spri.eus\/es\/"},{"@type":"ListItem","position":2,"name":"Nodos","item":"https:\/\/bdih.spri.eus\/es\/nodos\/"},{"@type":"ListItem","position":3,"name":"Dispositivos m\u00e9dicos y Salud Digital"}]},{"@type":"WebSite","@id":"https:\/\/bdih.spri.eus\/#website","url":"https:\/\/bdih.spri.eus\/","name":"BDIH","description":"BASQUE DIGITAL INNOVATION HUB","publisher":{"@id":"https:\/\/bdih.spri.eus\/#organization"},"alternateName":"Basque Digital Innovation HUB","potentialAction":[{"@type":"SearchAction","target":{"@type":"EntryPoint","urlTemplate":"https:\/\/bdih.spri.eus\/?s={search_term_string}"},"query-input":{"@type":"PropertyValueSpecification","valueRequired":true,"valueName":"search_term_string"}}],"inLanguage":"es"},{"@type":"Organization","@id":"https:\/\/bdih.spri.eus\/#organization","name":"BDIH","url":"https:\/\/bdih.spri.eus\/","logo":{"@type":"ImageObject","inLanguage":"es","@id":"https:\/\/bdih.spri.eus\/#\/schema\/logo\/image\/","url":"https:\/\/bdih.spri.eus\/archivos\/2022\/08\/Grupo-993.png","contentUrl":"https:\/\/bdih.spri.eus\/archivos\/2022\/08\/Grupo-993.png","width":244,"height":143,"caption":"BDIH"},"image":{"@id":"https:\/\/bdih.spri.eus\/#\/schema\/logo\/image\/"}}]}},"_links":{"self":[{"href":"https:\/\/bdih.spri.eus\/es\/wp-json\/wp\/v2\/pages\/577","targetHints":{"allow":["GET"]}}],"collection":[{"href":"https:\/\/bdih.spri.eus\/es\/wp-json\/wp\/v2\/pages"}],"about":[{"href":"https:\/\/bdih.spri.eus\/es\/wp-json\/wp\/v2\/types\/page"}],"author":[{"embeddable":true,"href":"https:\/\/bdih.spri.eus\/es\/wp-json\/wp\/v2\/users\/1"}],"replies":[{"embeddable":true,"href":"https:\/\/bdih.spri.eus\/es\/wp-json\/wp\/v2\/comments?post=577"}],"version-history":[{"count":5,"href":"https:\/\/bdih.spri.eus\/es\/wp-json\/wp\/v2\/pages\/577\/revisions"}],"predecessor-version":[{"id":6378,"href":"https:\/\/bdih.spri.eus\/es\/wp-json\/wp\/v2\/pages\/577\/revisions\/6378"}],"up":[{"embeddable":true,"href":"https:\/\/bdih.spri.eus\/es\/wp-json\/wp\/v2\/pages\/229"}],"wp:attachment":[{"href":"https:\/\/bdih.spri.eus\/es\/wp-json\/wp\/v2\/media?parent=577"}],"curies":[{"name":"wp","href":"https:\/\/api.w.org\/{rel}","templated":true}]}}